{"id":738,"date":"2020-07-20T10:18:32","date_gmt":"2020-07-20T08:18:32","guid":{"rendered":"https:\/\/companyformation.hu\/?page_id=738"},"modified":"2025-02-20T13:38:32","modified_gmt":"2025-02-20T12:38:32","slug":"%e8%81%94%e7%b3%bb%e6%88%91%e4%bb%ac","status":"publish","type":"page","link":"https:\/\/companyformation.hu\/zh-hans\/%e8%81%94%e7%b3%bb%e6%88%91%e4%bb%ac\/","title":{"rendered":"\u8054\u7cfb\u6211\u4eec"},"content":{"rendered":"\t\t<div data-elementor-type=\"wp-post\" data-elementor-id=\"738\" class=\"elementor elementor-738 elementor-20\">\n\t\t\t\t\t\t<section class=\"elementor-section elementor-top-section elementor-element elementor-element-3906703 elementor-section-boxed elementor-section-height-default elementor-section-height-default\" data-id=\"3906703\" data-element_type=\"section\" data-e-type=\"section\" data-settings=\"{&quot;background_background&quot;:&quot;classic&quot;}\">\n\t\t\t\t\t\t\t<div class=\"elementor-background-overlay\"><\/div>\n\t\t\t\t\t\t\t<div class=\"elementor-container elementor-column-gap-default\">\n\t\t\t\t\t<div class=\"elementor-column elementor-col-33 elementor-top-column elementor-element elementor-element-5b80d24\" data-id=\"5b80d24\" data-element_type=\"column\" data-e-type=\"column\">\n\t\t\t<div class=\"elementor-widget-wrap\">\n\t\t\t\t\t\t\t<\/div>\n\t\t<\/div>\n\t\t\t\t<div class=\"elementor-column elementor-col-33 elementor-top-column elementor-element elementor-element-24c9f1f\" data-id=\"24c9f1f\" data-element_type=\"column\" data-e-type=\"column\">\n\t\t\t<div class=\"elementor-widget-wrap elementor-element-populated\">\n\t\t\t\t\t\t<div class=\"elementor-element elementor-element-a5e247a elementor-widget elementor-widget-heading\" data-id=\"a5e247a\" data-element_type=\"widget\" data-e-type=\"widget\" data-widget_type=\"heading.default\">\n\t\t\t\t<div class=\"elementor-widget-container\">\n\t\t\t\t\t<h1 class=\"elementor-heading-title elementor-size-default\">\u8054\u7cfb\u6211\u4eec<\/h1>\t\t\t\t<\/div>\n\t\t\t\t<\/div>\n\t\t\t\t\t<\/div>\n\t\t<\/div>\n\t\t\t\t<div class=\"elementor-column elementor-col-33 elementor-top-column elementor-element elementor-element-9a08ab1\" data-id=\"9a08ab1\" data-element_type=\"column\" data-e-type=\"column\">\n\t\t\t<div class=\"elementor-widget-wrap\">\n\t\t\t\t\t\t\t<\/div>\n\t\t<\/div>\n\t\t\t\t\t<\/div>\n\t\t<\/section>\n\t\t\t\t<section class=\"elementor-section elementor-top-section elementor-element elementor-element-34cbd81 elementor-section-boxed elementor-section-height-default elementor-section-height-default\" data-id=\"34cbd81\" data-element_type=\"section\" data-e-type=\"section\" data-settings=\"{&quot;background_background&quot;:&quot;classic&quot;}\">\n\t\t\t\t\t\t<div class=\"elementor-container elementor-column-gap-default\">\n\t\t\t\t\t<div class=\"elementor-column elementor-col-100 elementor-top-column elementor-element elementor-element-1dfb88a\" data-id=\"1dfb88a\" data-element_type=\"column\" data-e-type=\"column\">\n\t\t\t<div class=\"elementor-widget-wrap elementor-element-populated\">\n\t\t\t\t\t\t<section class=\"elementor-section elementor-inner-section elementor-element elementor-element-8672813 elementor-section-boxed elementor-section-height-default elementor-section-height-default\" data-id=\"8672813\" data-element_type=\"section\" data-e-type=\"section\">\n\t\t\t\t\t\t<div class=\"elementor-container elementor-column-gap-default\">\n\t\t\t\t\t<div class=\"elementor-column elementor-col-50 elementor-inner-column elementor-element elementor-element-21ad806\" data-id=\"21ad806\" data-element_type=\"column\" data-e-type=\"column\" data-settings=\"{&quot;background_background&quot;:&quot;classic&quot;}\">\n\t\t\t<div class=\"elementor-widget-wrap elementor-element-populated\">\n\t\t\t\t\t<div class=\"elementor-background-overlay\"><\/div>\n\t\t\t\t\t\t<div class=\"elementor-element elementor-element-74c0dbc elementor-widget elementor-widget-heading\" data-id=\"74c0dbc\" data-element_type=\"widget\" data-e-type=\"widget\" data-widget_type=\"heading.default\">\n\t\t\t\t<div class=\"elementor-widget-container\">\n\t\t\t\t\t<h2 class=\"elementor-heading-title elementor-size-default\">\u6211\u4eec\u5c06\u7aed\u8bda\u4e3a\u60a8\u63d0\u4f9b\u670d\u52a1\uff0c\u6b22\u8fce\u60a8\u4e0e\u6211\u4eec\u6c9f\u901a\u4ea4\u6d41\u3002<\/h2>\t\t\t\t<\/div>\n\t\t\t\t<\/div>\n\t\t\t\t<div class=\"elementor-element elementor-element-bef937d elementor-widget elementor-widget-shortcode\" data-id=\"bef937d\" data-element_type=\"widget\" data-e-type=\"widget\" data-widget_type=\"shortcode.default\">\n\t\t\t\t<div class=\"elementor-widget-container\">\n\t\t\t\t\t\t\t<div class=\"elementor-shortcode\"><div id=\"usermessage6a\" class=\"cf_info \"><\/div><form enctype=\"multipart\/form-data\" action=\"\/zh-hans\/wp-json\/wp\/v2\/pages\/738#usermessage6a\" method=\"post\" class=\"cform order-form-zh \" id=\"cforms6form\"><fieldset class=\"cf-fs1\" style=\"\"><legend>\u8054\u7cfb\u6211\u4eec<\/legend><ol class=\"cf-ol\"><li id=\"li-6-2\" class=\"\"><label id=\"label-6-2\" for=\"cf6_field_2\"><span>\u59d3\u540d<\/span><\/label><input type=\"text\" name=\"cf6_field_2\" id=\"cf6_field_2\" class=\"single fldrequired\" value=\"\" onfocus=\"clearField(this)\" onblur=\"setField(this)\" title=\"\"\/><span class=\"reqtxt\">\u5fc5\u586b<\/span><\/li><li id=\"li-6-3\" class=\"\"><label id=\"label-6-3\" for=\"cf6_field_3\"><span>\u7535\u5b50\u90ae\u4ef6<\/span><\/label><input type=\"text\" name=\"cf6_field_3\" id=\"cf6_field_3\" class=\"single fldemail fldrequired\" value=\"\" title=\"\"\/><span class=\"emailreqtxt\">\u5fc5\u987b\u4e3a\u6709\u6548\u7535\u5b50\u90ae\u4ef6<\/span><\/li><li id=\"li-6-4\" class=\"\"><label id=\"label-6-4\" for=\"cf6_field_4\"><span>\u4fe1\u606f<\/span><\/label><textarea cols=\"30\" rows=\"8\" name=\"cf6_field_4\" id=\"cf6_field_4\" class=\"area\" title=\"\"><\/textarea><\/li><li id=\"li-6-5\" class=\"\"><label id=\"label-6-5\" for=\"cf6_field_5\"><span>\u5957\u9910<\/span><\/label><select name=\"cf6_field_5\" id=\"cf6_field_5\" class=\"cformselect\" title=\"\"><option value=\"none\">----<\/option><option value=\"essential\">Essential (1690\u6b27\u5143+\u589e\u503c\u7a0e)<\/option><option value=\"standard\">Standard (2590\u6b27\u5143+\u589e\u503c\u7a0e)<\/option><option value=\"accounting\">Accounting+ (3990\u6b27\u5143+\u589e\u503c\u7a0e)<\/option><option value=\"corporate\">Corporate (4290\u6b27\u5143+\u589e\u503c\u7a0e)<\/option><\/select><\/li><li id=\"li-6-6\" class=\"\"><label for=\"cf6_field_6\" class=\"secq\"><span>How much is 1\uff0b1?<\/span><\/label><input type=\"text\" name=\"cforms2_question_and_answer\" id=\"cf6_field_6\" class=\"secinput fldrequired \" title=\"\"\/><input type=\"hidden\" name=\"cforms2_question_and_answer\/hint\" value=\"0\"\/><\/li><\/ol><\/fieldset><fieldset class=\"cf_hidden\"><legend>&nbsp;<\/legend><input type=\"hidden\" name=\"cf_working6\" id=\"cf_working6\" value=\"\u8bf7\u7a0d\u7b49......\"\/><input type=\"hidden\" name=\"cf_failure6\" id=\"cf_failure6\" value=\"\u8bf7\u586b\u5199\u6240\u6709\u5fc5\u586b\u680f\u3002\"\/><input type=\"hidden\" name=\"cf_customerr6\" id=\"cf_customerr6\" value=\"y\"\/><\/fieldset><p class=\"cf-sb\"><input type=\"submit\" name=\"sendbutton6\" id=\"sendbutton6\" class=\"sendbutton\" value=\"\u63d0\u4ea4\" \/><\/p><\/form><\/div>\n\t\t\t\t\t\t<\/div>\n\t\t\t\t<\/div>\n\t\t\t\t\t<\/div>\n\t\t<\/div>\n\t\t\t\t<div class=\"elementor-column elementor-col-50 elementor-inner-column elementor-element elementor-element-150c869\" data-id=\"150c869\" data-element_type=\"column\" data-e-type=\"column\" data-settings=\"{&quot;background_background&quot;:&quot;classic&quot;}\">\n\t\t\t<div class=\"elementor-widget-wrap elementor-element-populated\">\n\t\t\t\t\t<div class=\"elementor-background-overlay\"><\/div>\n\t\t\t\t\t\t<div class=\"elementor-element elementor-element-f73529e elementor-widget elementor-widget-heading\" data-id=\"f73529e\" data-element_type=\"widget\" data-e-type=\"widget\" data-widget_type=\"heading.default\">\n\t\t\t\t<div class=\"elementor-widget-container\">\n\t\t\t\t\t<h2 class=\"elementor-heading-title elementor-size-default\">\u8054\u7cfb\u65b9\u5f0f<\/h2>\t\t\t\t<\/div>\n\t\t\t\t<\/div>\n\t\t\t\t<div class=\"elementor-element elementor-element-5246e5c elementor-widget elementor-widget-icon-box\" data-id=\"5246e5c\" data-element_type=\"widget\" data-e-type=\"widget\" data-widget_type=\"icon-box.default\">\n\t\t\t\t<div class=\"elementor-widget-container\">\n\t\t\t\t\t\t\t<div class=\"elementor-icon-box-wrapper\">\n\n\t\t\t\n\t\t\t\t\t\t<div class=\"elementor-icon-box-content\">\n\n\t\t\t\t\t\t\t\t\t<h6 class=\"elementor-icon-box-title\">\n\t\t\t\t\t\t<span  >\n\t\t\t\t\t\t\t\u5730\u5740\t\t\t\t\t\t<\/span>\n\t\t\t\t\t<\/h6>\n\t\t\t\t\n\t\t\t\t\t\t\t\t\t<p class=\"elementor-icon-box-description\">\n\t\t\t\t\t\tHelpers Hungary Kft. <br> 1117 Budapest, Domb\u00f3v\u00e1ri \u00fat 27, Hungary\n\t\t\t\t\t<\/p>\n\t\t\t\t\n\t\t\t<\/div>\n\t\t\t\n\t\t<\/div>\n\t\t\t\t\t\t<\/div>\n\t\t\t\t<\/div>\n\t\t\t\t<div class=\"elementor-element elementor-element-f47ccc1 elementor-widget elementor-widget-icon-box\" data-id=\"f47ccc1\" data-element_type=\"widget\" data-e-type=\"widget\" data-widget_type=\"icon-box.default\">\n\t\t\t\t<div class=\"elementor-widget-container\">\n\t\t\t\t\t\t\t<div class=\"elementor-icon-box-wrapper\">\n\n\t\t\t\n\t\t\t\t\t\t<div class=\"elementor-icon-box-content\">\n\n\t\t\t\t\t\t\t\t\t<h6 class=\"elementor-icon-box-title\">\n\t\t\t\t\t\t<span  >\n\t\t\t\t\t\t\t\u6b22\u8fce\u6765\u51fd\t\t\t\t\t\t<\/span>\n\t\t\t\t\t<\/h6>\n\t\t\t\t\n\t\t\t\t\t\t\t\t\t<p class=\"elementor-icon-box-description\">\n\t\t\t\t\t\tinfo@helpers.hu\t\t\t\t\t<\/p>\n\t\t\t\t\n\t\t\t<\/div>\n\t\t\t\n\t\t<\/div>\n\t\t\t\t\t\t<\/div>\n\t\t\t\t<\/div>\n\t\t\t\t<div class=\"elementor-element elementor-element-e842658 elementor-widget elementor-widget-icon-box\" data-id=\"e842658\" data-element_type=\"widget\" data-e-type=\"widget\" data-widget_type=\"icon-box.default\">\n\t\t\t\t<div class=\"elementor-widget-container\">\n\t\t\t\t\t\t\t<div class=\"elementor-icon-box-wrapper\">\n\n\t\t\t\n\t\t\t\t\t\t<div class=\"elementor-icon-box-content\">\n\n\t\t\t\t\t\t\t\t\t<h6 class=\"elementor-icon-box-title\">\n\t\t\t\t\t\t<span  >\n\t\t\t\t\t\t\t\u656c\u8bf7\u81f4\u7535\t\t\t\t\t\t<\/span>\n\t\t\t\t\t<\/h6>\n\t\t\t\t\n\t\t\t\t\t\t\t\t\t<p class=\"elementor-icon-box-description\">\n\t\t\t\t\t\t+36 1 317 8570\t\t\t\t\t<\/p>\n\t\t\t\t\n\t\t\t<\/div>\n\t\t\t\n\t\t<\/div>\n\t\t\t\t\t\t<\/div>\n\t\t\t\t<\/div>\n\t\t\t\t<div class=\"elementor-element elementor-element-9f74309 elementor-shape-circle e-grid-align-left e-grid-align-mobile-center elementor-grid-0 elementor-widget elementor-widget-social-icons\" data-id=\"9f74309\" data-element_type=\"widget\" data-e-type=\"widget\" data-widget_type=\"social-icons.default\">\n\t\t\t\t<div class=\"elementor-widget-container\">\n\t\t\t\t\t\t\t<div class=\"elementor-social-icons-wrapper elementor-grid\" role=\"list\">\n\t\t\t\t\t\t\t<span class=\"elementor-grid-item\" role=\"listitem\">\n\t\t\t\t\t<a class=\"elementor-icon elementor-social-icon elementor-social-icon-facebook-f elementor-repeater-item-57fe014\" href=\"https:\/\/www.facebook.com\/helpershungary\/\">\n\t\t\t\t\t\t<span class=\"elementor-screen-only\">Facebook-f<\/span>\n\t\t\t\t\t\t<i aria-hidden=\"true\" class=\"fab fa-facebook-f\"><\/i>\t\t\t\t\t<\/a>\n\t\t\t\t<\/span>\n\t\t\t\t\t\t\t<span class=\"elementor-grid-item\" role=\"listitem\">\n\t\t\t\t\t<a class=\"elementor-icon elementor-social-icon elementor-social-icon-twitter elementor-repeater-item-0ec3dce\" href=\"https:\/\/twitter.com\/helpershu\">\n\t\t\t\t\t\t<span class=\"elementor-screen-only\">Twitter<\/span>\n\t\t\t\t\t\t<i aria-hidden=\"true\" class=\"fab fa-twitter\"><\/i>\t\t\t\t\t<\/a>\n\t\t\t\t<\/span>\n\t\t\t\t\t\t\t<span class=\"elementor-grid-item\" role=\"listitem\">\n\t\t\t\t\t<a class=\"elementor-icon elementor-social-icon elementor-social-icon-instagram elementor-repeater-item-bc132f5\" href=\"https:\/\/www.instagram.com\/helpershungary\/\" target=\"_blank\">\n\t\t\t\t\t\t<span class=\"elementor-screen-only\">Instagram<\/span>\n\t\t\t\t\t\t<i aria-hidden=\"true\" class=\"fab fa-instagram\"><\/i>\t\t\t\t\t<\/a>\n\t\t\t\t<\/span>\n\t\t\t\t\t<\/div>\n\t\t\t\t\t\t<\/div>\n\t\t\t\t<\/div>\n\t\t\t\t\t<\/div>\n\t\t<\/div>\n\t\t\t\t\t<\/div>\n\t\t<\/section>\n\t\t\t\t\t<\/div>\n\t\t<\/div>\n\t\t\t\t\t<\/div>\n\t\t<\/section>\n\t\t\t\t<\/div>\n\t\t","protected":false},"excerpt":{"rendered":"<p>\u8054\u7cfb\u6211\u4eec \u6211\u4eec\u5c06\u7aed\u8bda\u4e3a\u60a8\u63d0\u4f9b\u670d\u52a1\uff0c\u6b22\u8fce\u60a8\u4e0e\u6211\u4eec\u6c9f\u901a\u4ea4\u6d41\u3002 \u8054\u7cfb\u65b9\u5f0f \u5730\u5740 Helpers Hungary Kf [&hellip;]<\/p>\n","protected":false},"author":2,"featured_media":0,"parent":0,"menu_order":0,"comment_status":"closed","ping_status":"closed","template":"","meta":{"site-sidebar-layout":"no-sidebar","site-content-layout":"page-builder","ast-site-content-layout":"default","site-content-style":"default","site-sidebar-style":"default","ast-global-header-display":"","ast-banner-title-visibility":"","ast-main-header-display":"","ast-hfb-above-header-display":"","ast-hfb-below-header-display":"","ast-hfb-mobile-header-display":"","site-post-title":"disabled","ast-breadcrumbs-content":"","ast-featured-img":"disabled","footer-sml-layout":"","ast-disable-related-posts":"","theme-transparent-header-meta":"enabled","adv-header-id-meta":"","stick-header-meta":"","header-above-stick-meta":"","header-main-stick-meta":"","header-below-stick-meta":"","astra-migrate-meta-layouts":"default","ast-page-background-enabled":"default","ast-page-background-meta":{"desktop":{"background-color":"","background-image":"","background-repeat":"repeat","background-position":"center center","background-size":"auto","background-attachment":"scroll","background-type":"","background-media":"","overlay-type":"","overlay-color":"","overlay-opacity":"","overlay-gradient":""},"tablet":{"background-color":"","background-image":"","background-repeat":"repeat","background-position":"center center","background-size":"auto","background-attachment":"scroll","background-type":"","background-media":"","overlay-type":"","overlay-color":"","overlay-opacity":"","overlay-gradient":""},"mobile":{"background-color":"","background-image":"","background-repeat":"repeat","background-position":"center center","background-size":"auto","background-attachment":"scroll","background-type":"","background-media":"","overlay-type":"","overlay-color":"","overlay-opacity":"","overlay-gradient":""}},"ast-content-background-meta":{"desktop":{"background-color":"var(--ast-global-color-5)","background-image":"","background-repeat":"repeat","background-position":"center center","background-size":"auto","background-attachment":"scroll","background-type":"","background-media":"","overlay-type":"","overlay-color":"","overlay-opacity":"","overlay-gradient":""},"tablet":{"background-color":"var(--ast-global-color-5)","background-image":"","background-repeat":"repeat","background-position":"center center","background-size":"auto","background-attachment":"scroll","background-type":"","background-media":"","overlay-type":"","overlay-color":"","overlay-opacity":"","overlay-gradient":""},"mobile":{"background-color":"var(--ast-global-color-5)","background-image":"","background-repeat":"repeat","background-position":"center center","background-size":"auto","background-attachment":"scroll","background-type":"","background-media":"","overlay-type":"","overlay-color":"","overlay-opacity":"","overlay-gradient":""}},"footnotes":""},"class_list":["post-738","page","type-page","status-publish","hentry"],"yoast_head":"<!-- This site is optimized with the Yoast SEO plugin v27.4 - https:\/\/yoast.com\/product\/yoast-seo-wordpress\/ -->\n<title>\u8054\u7cfb\u6211\u4eec - Company Formation<\/title>\n<meta name=\"description\" content=\"\u60f3\u5728\u5308\u7259\u5229\u8bbe\u7acb\u516c\u53f8\u5417\uff1f\u4eca\u5929\u5c31\u4e0e\u6211\u4eec\u53d6\u5f97\u8054\u7cfb\uff0c\u4e0e\u6211\u4eec\u70ed\u60c5\u7684\u56e2\u961f\u4e00\u8d77\u5de5\u4f5c\u3002\u8bf7\u5728\u6b64\u627e\u5230\u6211\u4eec\u7684\u8054\u7cfb\u6570\u636e\uff1a\u7535\u5b50\u90ae\u4ef6\u3001\u7535\u8bdd\u548c\u5730\u5740\u3002\" \/>\n<meta name=\"robots\" content=\"index, follow, max-snippet:-1, max-image-preview:large, max-video-preview:-1\" \/>\n<link rel=\"canonical\" href=\"https:\/\/companyformation.hu\/contact\/\" \/>\n<meta property=\"og:locale\" content=\"zh_CN\" \/>\n<meta property=\"og:type\" content=\"article\" \/>\n<meta property=\"og:title\" content=\"\u8054\u7cfb\u6211\u4eec - Company Formation\" \/>\n<meta property=\"og:description\" content=\"\u60f3\u5728\u5308\u7259\u5229\u8bbe\u7acb\u516c\u53f8\u5417\uff1f\u4eca\u5929\u5c31\u4e0e\u6211\u4eec\u53d6\u5f97\u8054\u7cfb\uff0c\u4e0e\u6211\u4eec\u70ed\u60c5\u7684\u56e2\u961f\u4e00\u8d77\u5de5\u4f5c\u3002\u8bf7\u5728\u6b64\u627e\u5230\u6211\u4eec\u7684\u8054\u7cfb\u6570\u636e\uff1a\u7535\u5b50\u90ae\u4ef6\u3001\u7535\u8bdd\u548c\u5730\u5740\u3002\" \/>\n<meta property=\"og:url\" content=\"https:\/\/companyformation.hu\/contact\/\" \/>\n<meta property=\"og:site_name\" content=\"Company Formation\" \/>\n<meta property=\"article:modified_time\" content=\"2025-02-20T12:38:32+00:00\" \/>\n<meta name=\"twitter:card\" content=\"summary_large_image\" \/>\n<meta name=\"twitter:label1\" content=\"\u9884\u8ba1\u9605\u8bfb\u65f6\u95f4\" \/>\n\t<meta name=\"twitter:data1\" content=\"1 \u5206\" \/>\n<script type=\"application\/ld+json\" class=\"yoast-schema-graph\">{\"@context\":\"https:\\\/\\\/schema.org\",\"@graph\":[{\"@type\":\"WebPage\",\"@id\":\"https:\\\/\\\/companyformation.hu\\\/contact\\\/\",\"url\":\"https:\\\/\\\/companyformation.hu\\\/contact\\\/\",\"name\":\"\u8054\u7cfb\u6211\u4eec - Company Formation\",\"isPartOf\":{\"@id\":\"https:\\\/\\\/companyformation.hu\\\/#website\"},\"datePublished\":\"2020-07-20T08:18:32+00:00\",\"dateModified\":\"2025-02-20T12:38:32+00:00\",\"description\":\"\u60f3\u5728\u5308\u7259\u5229\u8bbe\u7acb\u516c\u53f8\u5417\uff1f\u4eca\u5929\u5c31\u4e0e\u6211\u4eec\u53d6\u5f97\u8054\u7cfb\uff0c\u4e0e\u6211\u4eec\u70ed\u60c5\u7684\u56e2\u961f\u4e00\u8d77\u5de5\u4f5c\u3002\u8bf7\u5728\u6b64\u627e\u5230\u6211\u4eec\u7684\u8054\u7cfb\u6570\u636e\uff1a\u7535\u5b50\u90ae\u4ef6\u3001\u7535\u8bdd\u548c\u5730\u5740\u3002\",\"breadcrumb\":{\"@id\":\"https:\\\/\\\/companyformation.hu\\\/contact\\\/#breadcrumb\"},\"inLanguage\":\"zh-Hans\",\"potentialAction\":[{\"@type\":\"ReadAction\",\"target\":[\"https:\\\/\\\/companyformation.hu\\\/contact\\\/\"]}]},{\"@type\":\"BreadcrumbList\",\"@id\":\"https:\\\/\\\/companyformation.hu\\\/contact\\\/#breadcrumb\",\"itemListElement\":[{\"@type\":\"ListItem\",\"position\":1,\"name\":\"Home\",\"item\":\"https:\\\/\\\/companyformation.hu\\\/\"},{\"@type\":\"ListItem\",\"position\":2,\"name\":\"\u8054\u7cfb\u6211\u4eec\"}]},{\"@type\":\"WebSite\",\"@id\":\"https:\\\/\\\/companyformation.hu\\\/#website\",\"url\":\"https:\\\/\\\/companyformation.hu\\\/\",\"name\":\"Company Formation\",\"description\":\"Company Formation in Hungary\",\"publisher\":{\"@id\":\"https:\\\/\\\/companyformation.hu\\\/#organization\"},\"potentialAction\":[{\"@type\":\"SearchAction\",\"target\":{\"@type\":\"EntryPoint\",\"urlTemplate\":\"https:\\\/\\\/companyformation.hu\\\/?s={search_term_string}\"},\"query-input\":{\"@type\":\"PropertyValueSpecification\",\"valueRequired\":true,\"valueName\":\"search_term_string\"}}],\"inLanguage\":\"zh-Hans\"},{\"@type\":\"Organization\",\"@id\":\"https:\\\/\\\/companyformation.hu\\\/#organization\",\"name\":\"Company Formation\",\"url\":\"https:\\\/\\\/companyformation.hu\\\/\",\"logo\":{\"@type\":\"ImageObject\",\"inLanguage\":\"zh-Hans\",\"@id\":\"https:\\\/\\\/companyformation.hu\\\/#\\\/schema\\\/logo\\\/image\\\/\",\"url\":\"https:\\\/\\\/companyformation.hu\\\/wp-content\\\/uploads\\\/2020\\\/03\\\/helperslogo_outline_white_smallframe.png\",\"contentUrl\":\"https:\\\/\\\/companyformation.hu\\\/wp-content\\\/uploads\\\/2020\\\/03\\\/helperslogo_outline_white_smallframe.png\",\"width\":400,\"height\":300,\"caption\":\"Company Formation\"},\"image\":{\"@id\":\"https:\\\/\\\/companyformation.hu\\\/#\\\/schema\\\/logo\\\/image\\\/\"}}]}<\/script>\n<!-- \/ Yoast SEO plugin. -->","yoast_head_json":{"title":"\u8054\u7cfb\u6211\u4eec - Company Formation","description":"\u60f3\u5728\u5308\u7259\u5229\u8bbe\u7acb\u516c\u53f8\u5417\uff1f\u4eca\u5929\u5c31\u4e0e\u6211\u4eec\u53d6\u5f97\u8054\u7cfb\uff0c\u4e0e\u6211\u4eec\u70ed\u60c5\u7684\u56e2\u961f\u4e00\u8d77\u5de5\u4f5c\u3002\u8bf7\u5728\u6b64\u627e\u5230\u6211\u4eec\u7684\u8054\u7cfb\u6570\u636e\uff1a\u7535\u5b50\u90ae\u4ef6\u3001\u7535\u8bdd\u548c\u5730\u5740\u3002","robots":{"index":"index","follow":"follow","max-snippet":"max-snippet:-1","max-image-preview":"max-image-preview:large","max-video-preview":"max-video-preview:-1"},"canonical":"https:\/\/companyformation.hu\/contact\/","og_locale":"zh_CN","og_type":"article","og_title":"\u8054\u7cfb\u6211\u4eec - Company Formation","og_description":"\u60f3\u5728\u5308\u7259\u5229\u8bbe\u7acb\u516c\u53f8\u5417\uff1f\u4eca\u5929\u5c31\u4e0e\u6211\u4eec\u53d6\u5f97\u8054\u7cfb\uff0c\u4e0e\u6211\u4eec\u70ed\u60c5\u7684\u56e2\u961f\u4e00\u8d77\u5de5\u4f5c\u3002\u8bf7\u5728\u6b64\u627e\u5230\u6211\u4eec\u7684\u8054\u7cfb\u6570\u636e\uff1a\u7535\u5b50\u90ae\u4ef6\u3001\u7535\u8bdd\u548c\u5730\u5740\u3002","og_url":"https:\/\/companyformation.hu\/contact\/","og_site_name":"Company Formation","article_modified_time":"2025-02-20T12:38:32+00:00","twitter_card":"summary_large_image","twitter_misc":{"\u9884\u8ba1\u9605\u8bfb\u65f6\u95f4":"1 \u5206"},"schema":{"@context":"https:\/\/schema.org","@graph":[{"@type":"WebPage","@id":"https:\/\/companyformation.hu\/contact\/","url":"https:\/\/companyformation.hu\/contact\/","name":"\u8054\u7cfb\u6211\u4eec - Company Formation","isPartOf":{"@id":"https:\/\/companyformation.hu\/#website"},"datePublished":"2020-07-20T08:18:32+00:00","dateModified":"2025-02-20T12:38:32+00:00","description":"\u60f3\u5728\u5308\u7259\u5229\u8bbe\u7acb\u516c\u53f8\u5417\uff1f\u4eca\u5929\u5c31\u4e0e\u6211\u4eec\u53d6\u5f97\u8054\u7cfb\uff0c\u4e0e\u6211\u4eec\u70ed\u60c5\u7684\u56e2\u961f\u4e00\u8d77\u5de5\u4f5c\u3002\u8bf7\u5728\u6b64\u627e\u5230\u6211\u4eec\u7684\u8054\u7cfb\u6570\u636e\uff1a\u7535\u5b50\u90ae\u4ef6\u3001\u7535\u8bdd\u548c\u5730\u5740\u3002","breadcrumb":{"@id":"https:\/\/companyformation.hu\/contact\/#breadcrumb"},"inLanguage":"zh-Hans","potentialAction":[{"@type":"ReadAction","target":["https:\/\/companyformation.hu\/contact\/"]}]},{"@type":"BreadcrumbList","@id":"https:\/\/companyformation.hu\/contact\/#breadcrumb","itemListElement":[{"@type":"ListItem","position":1,"name":"Home","item":"https:\/\/companyformation.hu\/"},{"@type":"ListItem","position":2,"name":"\u8054\u7cfb\u6211\u4eec"}]},{"@type":"WebSite","@id":"https:\/\/companyformation.hu\/#website","url":"https:\/\/companyformation.hu\/","name":"Company Formation","description":"Company Formation in Hungary","publisher":{"@id":"https:\/\/companyformation.hu\/#organization"},"potentialAction":[{"@type":"SearchAction","target":{"@type":"EntryPoint","urlTemplate":"https:\/\/companyformation.hu\/?s={search_term_string}"},"query-input":{"@type":"PropertyValueSpecification","valueRequired":true,"valueName":"search_term_string"}}],"inLanguage":"zh-Hans"},{"@type":"Organization","@id":"https:\/\/companyformation.hu\/#organization","name":"Company Formation","url":"https:\/\/companyformation.hu\/","logo":{"@type":"ImageObject","inLanguage":"zh-Hans","@id":"https:\/\/companyformation.hu\/#\/schema\/logo\/image\/","url":"https:\/\/companyformation.hu\/wp-content\/uploads\/2020\/03\/helperslogo_outline_white_smallframe.png","contentUrl":"https:\/\/companyformation.hu\/wp-content\/uploads\/2020\/03\/helperslogo_outline_white_smallframe.png","width":400,"height":300,"caption":"Company Formation"},"image":{"@id":"https:\/\/companyformation.hu\/#\/schema\/logo\/image\/"}}]}},"_links":{"self":[{"href":"https:\/\/companyformation.hu\/zh-hans\/wp-json\/wp\/v2\/pages\/738","targetHints":{"allow":["GET"]}}],"collection":[{"href":"https:\/\/companyformation.hu\/zh-hans\/wp-json\/wp\/v2\/pages"}],"about":[{"href":"https:\/\/companyformation.hu\/zh-hans\/wp-json\/wp\/v2\/types\/page"}],"author":[{"embeddable":true,"href":"https:\/\/companyformation.hu\/zh-hans\/wp-json\/wp\/v2\/users\/2"}],"replies":[{"embeddable":true,"href":"https:\/\/companyformation.hu\/zh-hans\/wp-json\/wp\/v2\/comments?post=738"}],"version-history":[{"count":11,"href":"https:\/\/companyformation.hu\/zh-hans\/wp-json\/wp\/v2\/pages\/738\/revisions"}],"predecessor-version":[{"id":5156,"href":"https:\/\/companyformation.hu\/zh-hans\/wp-json\/wp\/v2\/pages\/738\/revisions\/5156"}],"wp:attachment":[{"href":"https:\/\/companyformation.hu\/zh-hans\/wp-json\/wp\/v2\/media?parent=738"}],"curies":[{"name":"wp","href":"https:\/\/api.w.org\/{rel}","templated":true}]}}