{"id":702,"date":"2020-07-17T16:19:41","date_gmt":"2020-07-17T14:19:41","guid":{"rendered":"https:\/\/companyformation.hu\/?page_id=702"},"modified":"2025-02-20T13:39:28","modified_gmt":"2025-02-20T12:39:28","slug":"bize-ulasin","status":"publish","type":"page","link":"https:\/\/companyformation.hu\/tr\/bize-ulasin\/","title":{"rendered":"Bize ula\u015f\u0131n"},"content":{"rendered":"\t\t<div data-elementor-type=\"wp-post\" data-elementor-id=\"702\" class=\"elementor elementor-702 elementor-20\">\n\t\t\t\t\t\t<section class=\"elementor-section elementor-top-section elementor-element elementor-element-20e71ec elementor-section-boxed elementor-section-height-default elementor-section-height-default\" data-id=\"20e71ec\" data-element_type=\"section\" data-e-type=\"section\" data-settings=\"{&quot;background_background&quot;:&quot;classic&quot;}\">\n\t\t\t\t\t\t<div class=\"elementor-container elementor-column-gap-default\">\n\t\t\t\t\t<div class=\"elementor-column elementor-col-100 elementor-top-column elementor-element elementor-element-95d2cd9\" data-id=\"95d2cd9\" data-element_type=\"column\" data-e-type=\"column\">\n\t\t\t<div class=\"elementor-widget-wrap elementor-element-populated\">\n\t\t\t\t\t\t<div class=\"elementor-element elementor-element-a799642 elementor-widget elementor-widget-image\" data-id=\"a799642\" data-element_type=\"widget\" data-e-type=\"widget\" data-widget_type=\"image.default\">\n\t\t\t\t<div class=\"elementor-widget-container\">\n\t\t\t\t\t\t\t\t\t\t\t\t\t\t\t<img fetchpriority=\"high\" decoding=\"async\" width=\"1024\" height=\"582\" src=\"https:\/\/companyformation.hu\/wp-content\/uploads\/2023\/09\/company-formation-hungary-TR-header-1024x582.png\" class=\"attachment-large size-large wp-image-4593\" alt=\"\" srcset=\"https:\/\/companyformation.hu\/wp-content\/uploads\/2023\/09\/company-formation-hungary-TR-header-1024x582.png 1024w, https:\/\/companyformation.hu\/wp-content\/uploads\/2023\/09\/company-formation-hungary-TR-header-300x171.png 300w, https:\/\/companyformation.hu\/wp-content\/uploads\/2023\/09\/company-formation-hungary-TR-header-768x437.png 768w, https:\/\/companyformation.hu\/wp-content\/uploads\/2023\/09\/company-formation-hungary-TR-header.png 1500w\" sizes=\"(max-width: 1024px) 100vw, 1024px\" \/>\t\t\t\t\t\t\t\t\t\t\t\t\t\t\t<\/div>\n\t\t\t\t<\/div>\n\t\t\t\t\t<\/div>\n\t\t<\/div>\n\t\t\t\t\t<\/div>\n\t\t<\/section>\n\t\t\t\t<section class=\"elementor-section elementor-top-section elementor-element elementor-element-34cbd81 elementor-section-boxed elementor-section-height-default elementor-section-height-default\" data-id=\"34cbd81\" data-element_type=\"section\" data-e-type=\"section\" data-settings=\"{&quot;background_background&quot;:&quot;classic&quot;}\">\n\t\t\t\t\t\t<div class=\"elementor-container elementor-column-gap-default\">\n\t\t\t\t\t<div class=\"elementor-column elementor-col-100 elementor-top-column elementor-element elementor-element-1dfb88a\" data-id=\"1dfb88a\" data-element_type=\"column\" data-e-type=\"column\">\n\t\t\t<div class=\"elementor-widget-wrap elementor-element-populated\">\n\t\t\t\t\t\t<section class=\"elementor-section elementor-inner-section elementor-element elementor-element-8672813 elementor-section-boxed elementor-section-height-default elementor-section-height-default\" data-id=\"8672813\" data-element_type=\"section\" data-e-type=\"section\">\n\t\t\t\t\t\t<div class=\"elementor-container elementor-column-gap-default\">\n\t\t\t\t\t<div class=\"elementor-column elementor-col-50 elementor-inner-column elementor-element elementor-element-21ad806\" data-id=\"21ad806\" data-element_type=\"column\" data-e-type=\"column\" data-settings=\"{&quot;background_background&quot;:&quot;classic&quot;}\">\n\t\t\t<div class=\"elementor-widget-wrap elementor-element-populated\">\n\t\t\t\t\t<div class=\"elementor-background-overlay\"><\/div>\n\t\t\t\t\t\t<div class=\"elementor-element elementor-element-74c0dbc elementor-widget elementor-widget-heading\" data-id=\"74c0dbc\" data-element_type=\"widget\" data-e-type=\"widget\" data-widget_type=\"heading.default\">\n\t\t\t\t<div class=\"elementor-widget-container\">\n\t\t\t\t\t<h2 class=\"elementor-heading-title elementor-size-default\">Biz Haz\u0131r\u0131z, Gelin G\u00f6r\u00fc\u015felim.<\/h2>\t\t\t\t<\/div>\n\t\t\t\t<\/div>\n\t\t\t\t<div class=\"elementor-element elementor-element-bef937d elementor-widget elementor-widget-shortcode\" data-id=\"bef937d\" data-element_type=\"widget\" data-e-type=\"widget\" data-widget_type=\"shortcode.default\">\n\t\t\t\t<div class=\"elementor-widget-container\">\n\t\t\t\t\t\t\t<div class=\"elementor-shortcode\"><div id=\"usermessage5a\" class=\"cf_info \"><\/div><form enctype=\"multipart\/form-data\" action=\"\/tr\/wp-json\/wp\/v2\/pages\/702#usermessage5a\" method=\"post\" class=\"cform order-form-tr \" id=\"cforms5form\"><fieldset class=\"cf-fs1\" style=\"\"><legend>Bize Ula\u015f\u0131n<\/legend><ol class=\"cf-ol\"><li id=\"li-5-2\" class=\"\"><label id=\"label-5-2\" for=\"cf5_field_2\"><span>Ad\u0131n\u0131z<\/span><\/label><input type=\"text\" name=\"cf5_field_2\" id=\"cf5_field_2\" class=\"single fldrequired\" value=\"\" onfocus=\"clearField(this)\" onblur=\"setField(this)\" title=\"\"\/><span class=\"reqtxt\">gerekli<\/span><\/li><li id=\"li-5-3\" class=\"\"><label id=\"label-5-3\" for=\"cf5_field_3\"><span>E-posta adresiniz<\/span><\/label><input type=\"text\" name=\"cf5_field_3\" id=\"cf5_field_3\" class=\"single fldemail fldrequired\" value=\"\" title=\"\"\/><span class=\"emailreqtxt\">ge\u00e7erli e-posta adresi gerekli<\/span><\/li><li id=\"li-5-4\" class=\"\"><label id=\"label-5-4\" for=\"cf5_field_4\"><span>Mesaj\u0131n\u0131z<\/span><\/label><textarea cols=\"30\" rows=\"8\" name=\"cf5_field_4\" id=\"cf5_field_4\" class=\"area\" title=\"\"><\/textarea><\/li><li id=\"li-5-5\" class=\"\"><label id=\"label-5-5\" for=\"cf5_field_5\"><span>Paket<\/span><\/label><select name=\"cf5_field_5\" id=\"cf5_field_5\" class=\"cformselect\" title=\"\"><option value=\"none\">----<\/option><option value=\"essential\">Essential paket (1690 \u20ac + KDV)<\/option><option value=\"standard\">Standard Paket (2590 \u20ac + KDV)<\/option><option value=\"accounting\">Accounting+ Paket (3990 \u20ac + KDV)<\/option><option value=\"corporate\">Corporate paket (4290 \u20ac + KDV)<\/option><\/select><\/li><li id=\"li-5-6\" class=\"\"><label for=\"cf5_field_6\" class=\"secq\"><span>How much is 1\uff0b1?<\/span><\/label><input type=\"text\" name=\"cforms2_question_and_answer\" id=\"cf5_field_6\" class=\"secinput fldrequired \" title=\"\"\/><input type=\"hidden\" name=\"cforms2_question_and_answer\/hint\" value=\"0\"\/><\/li><\/ol><\/fieldset><fieldset class=\"cf_hidden\"><legend>&nbsp;<\/legend><input type=\"hidden\" name=\"cf_working5\" id=\"cf_working5\" value=\"Bir saniye l\u00fctfen\u2026\"\/><input type=\"hidden\" name=\"cf_failure5\" id=\"cf_failure5\" value=\"L\u00fctfen t\u00fcm gerekli alanlar\u0131 doldurunuz.\"\/><input type=\"hidden\" name=\"cf_customerr5\" id=\"cf_customerr5\" value=\"y\"\/><\/fieldset><p class=\"cf-sb\"><input type=\"submit\" name=\"sendbutton5\" id=\"sendbutton5\" class=\"sendbutton\" value=\"G\u00f6nder\" \/><\/p><\/form><\/div>\n\t\t\t\t\t\t<\/div>\n\t\t\t\t<\/div>\n\t\t\t\t\t<\/div>\n\t\t<\/div>\n\t\t\t\t<div class=\"elementor-column elementor-col-50 elementor-inner-column elementor-element elementor-element-150c869\" data-id=\"150c869\" data-element_type=\"column\" data-e-type=\"column\" data-settings=\"{&quot;background_background&quot;:&quot;classic&quot;}\">\n\t\t\t<div class=\"elementor-widget-wrap elementor-element-populated\">\n\t\t\t\t\t<div class=\"elementor-background-overlay\"><\/div>\n\t\t\t\t\t\t<div class=\"elementor-element elementor-element-f73529e elementor-widget elementor-widget-heading\" data-id=\"f73529e\" data-element_type=\"widget\" data-e-type=\"widget\" data-widget_type=\"heading.default\">\n\t\t\t\t<div class=\"elementor-widget-container\">\n\t\t\t\t\t<h2 class=\"elementor-heading-title elementor-size-default\">\u0130leti\u015fim Bilgileri<\/h2>\t\t\t\t<\/div>\n\t\t\t\t<\/div>\n\t\t\t\t<div class=\"elementor-element elementor-element-5246e5c elementor-widget elementor-widget-icon-box\" data-id=\"5246e5c\" data-element_type=\"widget\" data-e-type=\"widget\" data-widget_type=\"icon-box.default\">\n\t\t\t\t<div class=\"elementor-widget-container\">\n\t\t\t\t\t\t\t<div class=\"elementor-icon-box-wrapper\">\n\n\t\t\t\n\t\t\t\t\t\t<div class=\"elementor-icon-box-content\">\n\n\t\t\t\t\t\t\t\t\t<h6 class=\"elementor-icon-box-title\">\n\t\t\t\t\t\t<span  >\n\t\t\t\t\t\t\tAdres\t\t\t\t\t\t<\/span>\n\t\t\t\t\t<\/h6>\n\t\t\t\t\n\t\t\t\t\t\t\t\t\t<p class=\"elementor-icon-box-description\">\n\t\t\t\t\t\tHelpers Hungary Kft. <br> 1117 Budapest, Domb\u00f3v\u00e1ri \u00fat 27, Hungary\n\t\t\t\t\t<\/p>\n\t\t\t\t\n\t\t\t<\/div>\n\t\t\t\n\t\t<\/div>\n\t\t\t\t\t\t<\/div>\n\t\t\t\t<\/div>\n\t\t\t\t<div class=\"elementor-element elementor-element-f47ccc1 elementor-widget elementor-widget-icon-box\" data-id=\"f47ccc1\" data-element_type=\"widget\" data-e-type=\"widget\" data-widget_type=\"icon-box.default\">\n\t\t\t\t<div class=\"elementor-widget-container\">\n\t\t\t\t\t\t\t<div class=\"elementor-icon-box-wrapper\">\n\n\t\t\t\n\t\t\t\t\t\t<div class=\"elementor-icon-box-content\">\n\n\t\t\t\t\t\t\t\t\t<h6 class=\"elementor-icon-box-title\">\n\t\t\t\t\t\t<span  >\n\t\t\t\t\t\t\tE-Posta G\u00f6nderin\t\t\t\t\t\t<\/span>\n\t\t\t\t\t<\/h6>\n\t\t\t\t\n\t\t\t\t\t\t\t\t\t<p class=\"elementor-icon-box-description\">\n\t\t\t\t\t\tinfo@helpers.hu\t\t\t\t\t<\/p>\n\t\t\t\t\n\t\t\t<\/div>\n\t\t\t\n\t\t<\/div>\n\t\t\t\t\t\t<\/div>\n\t\t\t\t<\/div>\n\t\t\t\t<div class=\"elementor-element elementor-element-e842658 elementor-widget elementor-widget-icon-box\" data-id=\"e842658\" data-element_type=\"widget\" data-e-type=\"widget\" data-widget_type=\"icon-box.default\">\n\t\t\t\t<div class=\"elementor-widget-container\">\n\t\t\t\t\t\t\t<div class=\"elementor-icon-box-wrapper\">\n\n\t\t\t\n\t\t\t\t\t\t<div class=\"elementor-icon-box-content\">\n\n\t\t\t\t\t\t\t\t\t<h6 class=\"elementor-icon-box-title\">\n\t\t\t\t\t\t<span  >\n\t\t\t\t\t\t\tBizi Aray\u0131n\t\t\t\t\t\t<\/span>\n\t\t\t\t\t<\/h6>\n\t\t\t\t\n\t\t\t\t\t\t\t\t\t<p class=\"elementor-icon-box-description\">\n\t\t\t\t\t\t+36 1 317 8570\t\t\t\t\t<\/p>\n\t\t\t\t\n\t\t\t<\/div>\n\t\t\t\n\t\t<\/div>\n\t\t\t\t\t\t<\/div>\n\t\t\t\t<\/div>\n\t\t\t\t<div class=\"elementor-element elementor-element-9f74309 elementor-shape-circle e-grid-align-left e-grid-align-mobile-center elementor-grid-0 elementor-widget elementor-widget-social-icons\" data-id=\"9f74309\" data-element_type=\"widget\" data-e-type=\"widget\" data-widget_type=\"social-icons.default\">\n\t\t\t\t<div class=\"elementor-widget-container\">\n\t\t\t\t\t\t\t<div class=\"elementor-social-icons-wrapper elementor-grid\" role=\"list\">\n\t\t\t\t\t\t\t<span class=\"elementor-grid-item\" role=\"listitem\">\n\t\t\t\t\t<a class=\"elementor-icon elementor-social-icon elementor-social-icon-facebook-f elementor-repeater-item-57fe014\" href=\"https:\/\/www.facebook.com\/helpershungary\/\">\n\t\t\t\t\t\t<span class=\"elementor-screen-only\">Facebook-f<\/span>\n\t\t\t\t\t\t<i aria-hidden=\"true\" class=\"fab fa-facebook-f\"><\/i>\t\t\t\t\t<\/a>\n\t\t\t\t<\/span>\n\t\t\t\t\t\t\t<span class=\"elementor-grid-item\" role=\"listitem\">\n\t\t\t\t\t<a class=\"elementor-icon elementor-social-icon elementor-social-icon-twitter elementor-repeater-item-0ec3dce\" href=\"https:\/\/twitter.com\/helpershu\">\n\t\t\t\t\t\t<span class=\"elementor-screen-only\">Twitter<\/span>\n\t\t\t\t\t\t<i aria-hidden=\"true\" class=\"fab fa-twitter\"><\/i>\t\t\t\t\t<\/a>\n\t\t\t\t<\/span>\n\t\t\t\t\t\t\t<span class=\"elementor-grid-item\" role=\"listitem\">\n\t\t\t\t\t<a class=\"elementor-icon elementor-social-icon elementor-social-icon-instagram elementor-repeater-item-bc132f5\" href=\"https:\/\/www.instagram.com\/helpershungary\/\" target=\"_blank\">\n\t\t\t\t\t\t<span class=\"elementor-screen-only\">Instagram<\/span>\n\t\t\t\t\t\t<i aria-hidden=\"true\" class=\"fab fa-instagram\"><\/i>\t\t\t\t\t<\/a>\n\t\t\t\t<\/span>\n\t\t\t\t\t<\/div>\n\t\t\t\t\t\t<\/div>\n\t\t\t\t<\/div>\n\t\t\t\t\t<\/div>\n\t\t<\/div>\n\t\t\t\t\t<\/div>\n\t\t<\/section>\n\t\t\t\t\t<\/div>\n\t\t<\/div>\n\t\t\t\t\t<\/div>\n\t\t<\/section>\n\t\t\t\t<\/div>\n\t\t","protected":false},"excerpt":{"rendered":"<p>Biz Haz\u0131r\u0131z, Gelin G\u00f6r\u00fc\u015felim. \u0130leti\u015fim Bilgileri Adres Helpers Hungary Kft. 1117 Budapest, Domb\u00f3v\u00e1ri \u00fat 27, Hungary E-Posta G\u00f6nderin info@helpers.hu Bizi Aray\u0131n +36 1 317 8570 Facebook-f Twitter Instagram<\/p>\n","protected":false},"author":2,"featured_media":0,"parent":0,"menu_order":0,"comment_status":"closed","ping_status":"closed","template":"","meta":{"site-sidebar-layout":"no-sidebar","site-content-layout":"page-builder","ast-site-content-layout":"","site-content-style":"default","site-sidebar-style":"default","ast-global-header-display":"","ast-banner-title-visibility":"","ast-main-header-display":"","ast-hfb-above-header-display":"","ast-hfb-below-header-display":"","ast-hfb-mobile-header-display":"","site-post-title":"disabled","ast-breadcrumbs-content":"","ast-featured-img":"disabled","footer-sml-layout":"","theme-transparent-header-meta":"enabled","adv-header-id-meta":"","stick-header-meta":"","header-above-stick-meta":"","header-main-stick-meta":"","header-below-stick-meta":"","astra-migrate-meta-layouts":"","footnotes":""},"class_list":["post-702","page","type-page","status-publish","hentry"],"yoast_head":"<!-- This site is optimized with the Yoast SEO plugin v27.1.1 - https:\/\/yoast.com\/product\/yoast-seo-wordpress\/ -->\n<title>Bize ula\u015f\u0131n - Company Formation<\/title>\n<meta name=\"description\" content=\"Macaristan&#039;da \u015firket mi kuracaks\u0131n\u0131z? Bize ula\u015f\u0131n, \u015fevkli bir ekiple \u00e7al\u0131\u015f\u0131n. E-posta, telefon, adres ve ileti\u015fim bilgilerimizi burada bulabilirsiniz.\" \/>\n<meta name=\"robots\" content=\"index, follow, max-snippet:-1, max-image-preview:large, max-video-preview:-1\" \/>\n<link rel=\"canonical\" href=\"https:\/\/companyformation.hu\/contact\/\" \/>\n<meta property=\"og:locale\" content=\"tr_TR\" \/>\n<meta property=\"og:type\" content=\"article\" \/>\n<meta property=\"og:title\" content=\"Bize ula\u015f\u0131n - Company Formation\" \/>\n<meta property=\"og:description\" content=\"Macaristan&#039;da \u015firket mi kuracaks\u0131n\u0131z? Bize ula\u015f\u0131n, \u015fevkli bir ekiple \u00e7al\u0131\u015f\u0131n. E-posta, telefon, adres ve ileti\u015fim bilgilerimizi burada bulabilirsiniz.\" \/>\n<meta property=\"og:url\" content=\"https:\/\/companyformation.hu\/contact\/\" \/>\n<meta property=\"og:site_name\" content=\"Company Formation\" \/>\n<meta property=\"article:modified_time\" content=\"2025-02-20T12:39:28+00:00\" \/>\n<meta property=\"og:image\" content=\"https:\/\/companyformation.hu\/wp-content\/uploads\/2023\/09\/company-formation-hungary-TR-header-1024x582.png\" \/>\n<meta name=\"twitter:card\" content=\"summary_large_image\" \/>\n<meta name=\"twitter:label1\" content=\"Tahmini okuma s\u00fcresi\" \/>\n\t<meta name=\"twitter:data1\" content=\"1 dakika\" \/>\n<script type=\"application\/ld+json\" class=\"yoast-schema-graph\">{\"@context\":\"https:\/\/schema.org\",\"@graph\":[{\"@type\":\"WebPage\",\"@id\":\"https:\/\/companyformation.hu\/contact\/\",\"url\":\"https:\/\/companyformation.hu\/contact\/\",\"name\":\"Bize ula\u015f\u0131n - Company Formation\",\"isPartOf\":{\"@id\":\"https:\/\/companyformation.hu\/#website\"},\"primaryImageOfPage\":{\"@id\":\"https:\/\/companyformation.hu\/contact\/#primaryimage\"},\"image\":{\"@id\":\"https:\/\/companyformation.hu\/contact\/#primaryimage\"},\"thumbnailUrl\":\"https:\/\/companyformation.hu\/wp-content\/uploads\/2023\/09\/company-formation-hungary-TR-header-1024x582.png\",\"datePublished\":\"2020-07-17T14:19:41+00:00\",\"dateModified\":\"2025-02-20T12:39:28+00:00\",\"description\":\"Macaristan'da \u015firket mi kuracaks\u0131n\u0131z? Bize ula\u015f\u0131n, \u015fevkli bir ekiple \u00e7al\u0131\u015f\u0131n. E-posta, telefon, adres ve ileti\u015fim bilgilerimizi burada bulabilirsiniz.\",\"breadcrumb\":{\"@id\":\"https:\/\/companyformation.hu\/contact\/#breadcrumb\"},\"inLanguage\":\"tr\",\"potentialAction\":[{\"@type\":\"ReadAction\",\"target\":[\"https:\/\/companyformation.hu\/contact\/\"]}]},{\"@type\":\"ImageObject\",\"inLanguage\":\"tr\",\"@id\":\"https:\/\/companyformation.hu\/contact\/#primaryimage\",\"url\":\"https:\/\/companyformation.hu\/wp-content\/uploads\/2023\/09\/company-formation-hungary-TR-header-1024x582.png\",\"contentUrl\":\"https:\/\/companyformation.hu\/wp-content\/uploads\/2023\/09\/company-formation-hungary-TR-header-1024x582.png\"},{\"@type\":\"BreadcrumbList\",\"@id\":\"https:\/\/companyformation.hu\/contact\/#breadcrumb\",\"itemListElement\":[{\"@type\":\"ListItem\",\"position\":1,\"name\":\"Home\",\"item\":\"https:\/\/companyformation.hu\/\"},{\"@type\":\"ListItem\",\"position\":2,\"name\":\"Bize ula\u015f\u0131n\"}]},{\"@type\":\"WebSite\",\"@id\":\"https:\/\/companyformation.hu\/#website\",\"url\":\"https:\/\/companyformation.hu\/\",\"name\":\"Company Formation\",\"description\":\"Company Formation in Hungary\",\"publisher\":{\"@id\":\"https:\/\/companyformation.hu\/#organization\"},\"potentialAction\":[{\"@type\":\"SearchAction\",\"target\":{\"@type\":\"EntryPoint\",\"urlTemplate\":\"https:\/\/companyformation.hu\/?s={search_term_string}\"},\"query-input\":{\"@type\":\"PropertyValueSpecification\",\"valueRequired\":true,\"valueName\":\"search_term_string\"}}],\"inLanguage\":\"tr\"},{\"@type\":\"Organization\",\"@id\":\"https:\/\/companyformation.hu\/#organization\",\"name\":\"Company Formation\",\"url\":\"https:\/\/companyformation.hu\/\",\"logo\":{\"@type\":\"ImageObject\",\"inLanguage\":\"tr\",\"@id\":\"https:\/\/companyformation.hu\/#\/schema\/logo\/image\/\",\"url\":\"https:\/\/companyformation.hu\/wp-content\/uploads\/2020\/03\/helperslogo_outline_white_smallframe.png\",\"contentUrl\":\"https:\/\/companyformation.hu\/wp-content\/uploads\/2020\/03\/helperslogo_outline_white_smallframe.png\",\"width\":400,\"height\":300,\"caption\":\"Company Formation\"},\"image\":{\"@id\":\"https:\/\/companyformation.hu\/#\/schema\/logo\/image\/\"}}]}<\/script>\n<!-- \/ Yoast SEO plugin. -->","yoast_head_json":{"title":"Bize ula\u015f\u0131n - Company Formation","description":"Macaristan'da \u015firket mi kuracaks\u0131n\u0131z? Bize ula\u015f\u0131n, \u015fevkli bir ekiple \u00e7al\u0131\u015f\u0131n. E-posta, telefon, adres ve ileti\u015fim bilgilerimizi burada bulabilirsiniz.","robots":{"index":"index","follow":"follow","max-snippet":"max-snippet:-1","max-image-preview":"max-image-preview:large","max-video-preview":"max-video-preview:-1"},"canonical":"https:\/\/companyformation.hu\/contact\/","og_locale":"tr_TR","og_type":"article","og_title":"Bize ula\u015f\u0131n - Company Formation","og_description":"Macaristan'da \u015firket mi kuracaks\u0131n\u0131z? Bize ula\u015f\u0131n, \u015fevkli bir ekiple \u00e7al\u0131\u015f\u0131n. E-posta, telefon, adres ve ileti\u015fim bilgilerimizi burada bulabilirsiniz.","og_url":"https:\/\/companyformation.hu\/contact\/","og_site_name":"Company Formation","article_modified_time":"2025-02-20T12:39:28+00:00","og_image":[{"url":"https:\/\/companyformation.hu\/wp-content\/uploads\/2023\/09\/company-formation-hungary-TR-header-1024x582.png","type":"","width":"","height":""}],"twitter_card":"summary_large_image","twitter_misc":{"Tahmini okuma s\u00fcresi":"1 dakika"},"schema":{"@context":"https:\/\/schema.org","@graph":[{"@type":"WebPage","@id":"https:\/\/companyformation.hu\/contact\/","url":"https:\/\/companyformation.hu\/contact\/","name":"Bize ula\u015f\u0131n - Company Formation","isPartOf":{"@id":"https:\/\/companyformation.hu\/#website"},"primaryImageOfPage":{"@id":"https:\/\/companyformation.hu\/contact\/#primaryimage"},"image":{"@id":"https:\/\/companyformation.hu\/contact\/#primaryimage"},"thumbnailUrl":"https:\/\/companyformation.hu\/wp-content\/uploads\/2023\/09\/company-formation-hungary-TR-header-1024x582.png","datePublished":"2020-07-17T14:19:41+00:00","dateModified":"2025-02-20T12:39:28+00:00","description":"Macaristan'da \u015firket mi kuracaks\u0131n\u0131z? Bize ula\u015f\u0131n, \u015fevkli bir ekiple \u00e7al\u0131\u015f\u0131n. E-posta, telefon, adres ve ileti\u015fim bilgilerimizi burada bulabilirsiniz.","breadcrumb":{"@id":"https:\/\/companyformation.hu\/contact\/#breadcrumb"},"inLanguage":"tr","potentialAction":[{"@type":"ReadAction","target":["https:\/\/companyformation.hu\/contact\/"]}]},{"@type":"ImageObject","inLanguage":"tr","@id":"https:\/\/companyformation.hu\/contact\/#primaryimage","url":"https:\/\/companyformation.hu\/wp-content\/uploads\/2023\/09\/company-formation-hungary-TR-header-1024x582.png","contentUrl":"https:\/\/companyformation.hu\/wp-content\/uploads\/2023\/09\/company-formation-hungary-TR-header-1024x582.png"},{"@type":"BreadcrumbList","@id":"https:\/\/companyformation.hu\/contact\/#breadcrumb","itemListElement":[{"@type":"ListItem","position":1,"name":"Home","item":"https:\/\/companyformation.hu\/"},{"@type":"ListItem","position":2,"name":"Bize ula\u015f\u0131n"}]},{"@type":"WebSite","@id":"https:\/\/companyformation.hu\/#website","url":"https:\/\/companyformation.hu\/","name":"Company Formation","description":"Company Formation in Hungary","publisher":{"@id":"https:\/\/companyformation.hu\/#organization"},"potentialAction":[{"@type":"SearchAction","target":{"@type":"EntryPoint","urlTemplate":"https:\/\/companyformation.hu\/?s={search_term_string}"},"query-input":{"@type":"PropertyValueSpecification","valueRequired":true,"valueName":"search_term_string"}}],"inLanguage":"tr"},{"@type":"Organization","@id":"https:\/\/companyformation.hu\/#organization","name":"Company Formation","url":"https:\/\/companyformation.hu\/","logo":{"@type":"ImageObject","inLanguage":"tr","@id":"https:\/\/companyformation.hu\/#\/schema\/logo\/image\/","url":"https:\/\/companyformation.hu\/wp-content\/uploads\/2020\/03\/helperslogo_outline_white_smallframe.png","contentUrl":"https:\/\/companyformation.hu\/wp-content\/uploads\/2020\/03\/helperslogo_outline_white_smallframe.png","width":400,"height":300,"caption":"Company Formation"},"image":{"@id":"https:\/\/companyformation.hu\/#\/schema\/logo\/image\/"}}]}},"_links":{"self":[{"href":"https:\/\/companyformation.hu\/tr\/wp-json\/wp\/v2\/pages\/702","targetHints":{"allow":["GET"]}}],"collection":[{"href":"https:\/\/companyformation.hu\/tr\/wp-json\/wp\/v2\/pages"}],"about":[{"href":"https:\/\/companyformation.hu\/tr\/wp-json\/wp\/v2\/types\/page"}],"author":[{"embeddable":true,"href":"https:\/\/companyformation.hu\/tr\/wp-json\/wp\/v2\/users\/2"}],"replies":[{"embeddable":true,"href":"https:\/\/companyformation.hu\/tr\/wp-json\/wp\/v2\/comments?post=702"}],"version-history":[{"count":22,"href":"https:\/\/companyformation.hu\/tr\/wp-json\/wp\/v2\/pages\/702\/revisions"}],"predecessor-version":[{"id":5162,"href":"https:\/\/companyformation.hu\/tr\/wp-json\/wp\/v2\/pages\/702\/revisions\/5162"}],"wp:attachment":[{"href":"https:\/\/companyformation.hu\/tr\/wp-json\/wp\/v2\/media?parent=702"}],"curies":[{"name":"wp","href":"https:\/\/api.w.org\/{rel}","templated":true}]}}