{"id":766,"date":"2020-07-20T10:54:26","date_gmt":"2020-07-20T08:54:26","guid":{"rendered":"https:\/\/companyformation.hu\/?page_id=766"},"modified":"2025-02-20T13:39:01","modified_gmt":"2025-02-20T12:39:01","slug":"%eb%ac%b8%ec%9d%98","status":"publish","type":"page","link":"https:\/\/companyformation.hu\/ko\/%eb%ac%b8%ec%9d%98\/","title":{"rendered":"\ubb38\uc758"},"content":{"rendered":"\t\t<div data-elementor-type=\"wp-post\" data-elementor-id=\"766\" class=\"elementor elementor-766 elementor-20\">\n\t\t\t\t\t\t<section class=\"elementor-section elementor-top-section elementor-element elementor-element-3906703 elementor-section-boxed elementor-section-height-default elementor-section-height-default\" data-id=\"3906703\" data-element_type=\"section\" data-e-type=\"section\" data-settings=\"{&quot;background_background&quot;:&quot;classic&quot;}\">\n\t\t\t\t\t\t<div class=\"elementor-container elementor-column-gap-default\">\n\t\t\t\t\t<div class=\"elementor-column elementor-col-100 elementor-top-column elementor-element elementor-element-24c9f1f\" data-id=\"24c9f1f\" data-element_type=\"column\" data-e-type=\"column\">\n\t\t\t<div class=\"elementor-widget-wrap elementor-element-populated\">\n\t\t\t\t\t\t<div class=\"elementor-element elementor-element-04ba412 elementor-widget elementor-widget-image\" data-id=\"04ba412\" data-element_type=\"widget\" data-e-type=\"widget\" data-widget_type=\"image.default\">\n\t\t\t\t<div class=\"elementor-widget-container\">\n\t\t\t\t\t\t\t\t\t\t\t\t\t\t\t<img fetchpriority=\"high\" decoding=\"async\" width=\"1024\" height=\"582\" src=\"https:\/\/companyformation.hu\/wp-content\/uploads\/2023\/10\/company-formation-hungary-KO-header-1-1024x582.png\" class=\"attachment-large size-large wp-image-4762\" alt=\"\" srcset=\"https:\/\/companyformation.hu\/wp-content\/uploads\/2023\/10\/company-formation-hungary-KO-header-1-1024x582.png 1024w, https:\/\/companyformation.hu\/wp-content\/uploads\/2023\/10\/company-formation-hungary-KO-header-1-300x171.png 300w, https:\/\/companyformation.hu\/wp-content\/uploads\/2023\/10\/company-formation-hungary-KO-header-1-768x437.png 768w, https:\/\/companyformation.hu\/wp-content\/uploads\/2023\/10\/company-formation-hungary-KO-header-1.png 1500w\" sizes=\"(max-width: 1024px) 100vw, 1024px\" \/>\t\t\t\t\t\t\t\t\t\t\t\t\t\t\t<\/div>\n\t\t\t\t<\/div>\n\t\t\t\t\t<\/div>\n\t\t<\/div>\n\t\t\t\t\t<\/div>\n\t\t<\/section>\n\t\t\t\t<section class=\"elementor-section elementor-top-section elementor-element elementor-element-34cbd81 elementor-section-boxed elementor-section-height-default elementor-section-height-default\" data-id=\"34cbd81\" data-element_type=\"section\" data-e-type=\"section\" data-settings=\"{&quot;background_background&quot;:&quot;classic&quot;}\">\n\t\t\t\t\t\t<div class=\"elementor-container elementor-column-gap-default\">\n\t\t\t\t\t<div class=\"elementor-column elementor-col-100 elementor-top-column elementor-element elementor-element-1dfb88a\" data-id=\"1dfb88a\" data-element_type=\"column\" data-e-type=\"column\">\n\t\t\t<div class=\"elementor-widget-wrap elementor-element-populated\">\n\t\t\t\t\t\t<section class=\"elementor-section elementor-inner-section elementor-element elementor-element-8672813 elementor-section-boxed elementor-section-height-default elementor-section-height-default\" data-id=\"8672813\" data-element_type=\"section\" data-e-type=\"section\">\n\t\t\t\t\t\t<div class=\"elementor-container elementor-column-gap-default\">\n\t\t\t\t\t<div class=\"elementor-column elementor-col-50 elementor-inner-column elementor-element elementor-element-21ad806\" data-id=\"21ad806\" data-element_type=\"column\" data-e-type=\"column\" data-settings=\"{&quot;background_background&quot;:&quot;classic&quot;}\">\n\t\t\t<div class=\"elementor-widget-wrap elementor-element-populated\">\n\t\t\t\t\t<div class=\"elementor-background-overlay\"><\/div>\n\t\t\t\t\t\t<div class=\"elementor-element elementor-element-74c0dbc elementor-widget elementor-widget-heading\" data-id=\"74c0dbc\" data-element_type=\"widget\" data-e-type=\"widget\" data-widget_type=\"heading.default\">\n\t\t\t\t<div class=\"elementor-widget-container\">\n\t\t\t\t\t<h2 class=\"elementor-heading-title elementor-size-default\">\uc900\ube44\ub410\uc73c\ub2c8, \uc774\uc57c\uae30\ub97c \ud574 \ubd05\uc2dc\ub2e4.<\/h2>\t\t\t\t<\/div>\n\t\t\t\t<\/div>\n\t\t\t\t<div class=\"elementor-element elementor-element-bef937d elementor-widget elementor-widget-shortcode\" data-id=\"bef937d\" data-element_type=\"widget\" data-e-type=\"widget\" data-widget_type=\"shortcode.default\">\n\t\t\t\t<div class=\"elementor-widget-container\">\n\t\t\t\t\t\t\t<div class=\"elementor-shortcode\"><div id=\"usermessage4a\" class=\"cf_info \"><\/div><form enctype=\"multipart\/form-data\" action=\"\/ko\/wp-json\/wp\/v2\/pages\/766#usermessage4a\" method=\"post\" class=\"cform order-form-ko \" id=\"cforms4form\"><fieldset class=\"cf-fs1\" style=\"\"><legend>\ubb38\uc758<\/legend><ol class=\"cf-ol\"><li id=\"li-4-2\" class=\"\"><label id=\"label-4-2\" for=\"cf4_field_2\"><span>\uc774\ub984<\/span><\/label><input type=\"text\" name=\"cf4_field_2\" id=\"cf4_field_2\" class=\"single fldrequired\" value=\"\" onfocus=\"clearField(this)\" onblur=\"setField(this)\" title=\"\"\/><span class=\"reqtxt\">\ud544\uc218<\/span><\/li><li id=\"li-4-3\" class=\"\"><label id=\"label-4-3\" for=\"cf4_field_3\"><span>\uc774\uba54\uc77c<\/span><\/label><input type=\"text\" name=\"cf4_field_3\" id=\"cf4_field_3\" class=\"single fldemail fldrequired\" value=\"\" title=\"\"\/><span class=\"emailreqtxt\">\uc720\ud6a8\ud55c \uc774\uba54\uc77c \ud544\uc218<\/span><\/li><li id=\"li-4-4\" class=\"\"><label id=\"label-4-4\" for=\"cf4_field_4\"><span>\uba54\uc2dc\uc9c0<\/span><\/label><textarea cols=\"30\" rows=\"8\" name=\"cf4_field_4\" id=\"cf4_field_4\" class=\"area\" title=\"\"><\/textarea><\/li><li id=\"li-4-5\" class=\"\"><label id=\"label-4-5\" for=\"cf4_field_5\"><span>\ud328\ud0a4\uc9c0<\/span><\/label><select name=\"cf4_field_5\" id=\"cf4_field_5\" class=\"cformselect\" title=\"\"><option value=\"none\">----<\/option><option value=\"essential\">\ud544\uc218 \ud328\ud0a4\uc9c0 (\u20ac1690+VAT)<\/option><option value=\"standard\">\uc77c\ubc18 \ud328\ud0a4\uc9c0 (\u20ac2590+VAT)<\/option><option value=\"accounting\">\ud68c\uacc4+ \ud328\ud0a4\uc9c0 (\u20ac3990+VAT)<\/option><option value=\"corporate\">Corporate (\u20ac4290+VAT)<\/option><\/select><\/li><li id=\"li-4-6\" class=\"\"><label for=\"cf4_field_6\" class=\"secq\"><span>How much is 5\u22122?<\/span><\/label><input type=\"text\" name=\"cforms2_question_and_answer\" id=\"cf4_field_6\" class=\"secinput fldrequired \" title=\"\"\/><input type=\"hidden\" name=\"cforms2_question_and_answer\/hint\" value=\"2\"\/><\/li><\/ol><\/fieldset><fieldset class=\"cf_hidden\"><legend>&nbsp;<\/legend><input type=\"hidden\" name=\"cf_working4\" id=\"cf_working4\" value=\"\uc7a0\uc2dc\ub9cc \uae30\ub2e4\ub824 \uc8fc\uc2ed\uc2dc\uc624...\"\/><input type=\"hidden\" name=\"cf_failure4\" id=\"cf_failure4\" value=\"\ubaa8\ub4e0 \ud544\uc218 \uc785\ub825\ub780\uc744 \uc791\uc131\ud558\uc2ed\uc2dc\uc624.\"\/><input type=\"hidden\" name=\"cf_customerr4\" id=\"cf_customerr4\" value=\"y\"\/><\/fieldset><p class=\"cf-sb\"><input type=\"submit\" name=\"sendbutton4\" id=\"sendbutton4\" class=\"sendbutton\" value=\"\uc804\uc1a1\" \/><\/p><\/form><\/div>\n\t\t\t\t\t\t<\/div>\n\t\t\t\t<\/div>\n\t\t\t\t\t<\/div>\n\t\t<\/div>\n\t\t\t\t<div class=\"elementor-column elementor-col-50 elementor-inner-column elementor-element elementor-element-150c869\" data-id=\"150c869\" data-element_type=\"column\" data-e-type=\"column\" data-settings=\"{&quot;background_background&quot;:&quot;classic&quot;}\">\n\t\t\t<div class=\"elementor-widget-wrap elementor-element-populated\">\n\t\t\t\t\t<div class=\"elementor-background-overlay\"><\/div>\n\t\t\t\t\t\t<div class=\"elementor-element elementor-element-f73529e elementor-widget elementor-widget-heading\" data-id=\"f73529e\" data-element_type=\"widget\" data-e-type=\"widget\" data-widget_type=\"heading.default\">\n\t\t\t\t<div class=\"elementor-widget-container\">\n\t\t\t\t\t<h2 class=\"elementor-heading-title elementor-size-default\">\uc5f0\ub77d\ucc98<\/h2>\t\t\t\t<\/div>\n\t\t\t\t<\/div>\n\t\t\t\t<div class=\"elementor-element elementor-element-5246e5c elementor-widget elementor-widget-icon-box\" data-id=\"5246e5c\" data-element_type=\"widget\" data-e-type=\"widget\" data-widget_type=\"icon-box.default\">\n\t\t\t\t<div class=\"elementor-widget-container\">\n\t\t\t\t\t\t\t<div class=\"elementor-icon-box-wrapper\">\n\n\t\t\t\n\t\t\t\t\t\t<div class=\"elementor-icon-box-content\">\n\n\t\t\t\t\t\t\t\t\t<h6 class=\"elementor-icon-box-title\">\n\t\t\t\t\t\t<span  >\n\t\t\t\t\t\t\t\uc8fc\uc18c\t\t\t\t\t\t<\/span>\n\t\t\t\t\t<\/h6>\n\t\t\t\t\n\t\t\t\t\t\t\t\t\t<p class=\"elementor-icon-box-description\">\n\t\t\t\t\t\tHelpers Hungary Kft. <br> 1117 Budapest, Domb\u00f3v\u00e1ri \u00fat 27, Hungary \t\t\t\t\t<\/p>\n\t\t\t\t\n\t\t\t<\/div>\n\t\t\t\n\t\t<\/div>\n\t\t\t\t\t\t<\/div>\n\t\t\t\t<\/div>\n\t\t\t\t<div class=\"elementor-element elementor-element-f47ccc1 elementor-widget elementor-widget-icon-box\" data-id=\"f47ccc1\" data-element_type=\"widget\" data-e-type=\"widget\" data-widget_type=\"icon-box.default\">\n\t\t\t\t<div class=\"elementor-widget-container\">\n\t\t\t\t\t\t\t<div class=\"elementor-icon-box-wrapper\">\n\n\t\t\t\n\t\t\t\t\t\t<div class=\"elementor-icon-box-content\">\n\n\t\t\t\t\t\t\t\t\t<h6 class=\"elementor-icon-box-title\">\n\t\t\t\t\t\t<span  >\n\t\t\t\t\t\t\t\uc774\uba54\uc77c\t\t\t\t\t\t<\/span>\n\t\t\t\t\t<\/h6>\n\t\t\t\t\n\t\t\t\t\t\t\t\t\t<p class=\"elementor-icon-box-description\">\n\t\t\t\t\t\tinfo@helpers.hu\t\t\t\t\t<\/p>\n\t\t\t\t\n\t\t\t<\/div>\n\t\t\t\n\t\t<\/div>\n\t\t\t\t\t\t<\/div>\n\t\t\t\t<\/div>\n\t\t\t\t<div class=\"elementor-element elementor-element-e842658 elementor-widget elementor-widget-icon-box\" data-id=\"e842658\" data-element_type=\"widget\" data-e-type=\"widget\" data-widget_type=\"icon-box.default\">\n\t\t\t\t<div class=\"elementor-widget-container\">\n\t\t\t\t\t\t\t<div class=\"elementor-icon-box-wrapper\">\n\n\t\t\t\n\t\t\t\t\t\t<div class=\"elementor-icon-box-content\">\n\n\t\t\t\t\t\t\t\t\t<h6 class=\"elementor-icon-box-title\">\n\t\t\t\t\t\t<span  >\n\t\t\t\t\t\t\t\uc804\ud654\t\t\t\t\t\t<\/span>\n\t\t\t\t\t<\/h6>\n\t\t\t\t\n\t\t\t\t\t\t\t\t\t<p class=\"elementor-icon-box-description\">\n\t\t\t\t\t\t+36 1 317 8570\t\t\t\t\t<\/p>\n\t\t\t\t\n\t\t\t<\/div>\n\t\t\t\n\t\t<\/div>\n\t\t\t\t\t\t<\/div>\n\t\t\t\t<\/div>\n\t\t\t\t<div class=\"elementor-element elementor-element-9f74309 elementor-shape-circle e-grid-align-left e-grid-align-mobile-center elementor-grid-0 elementor-widget elementor-widget-social-icons\" data-id=\"9f74309\" data-element_type=\"widget\" data-e-type=\"widget\" data-widget_type=\"social-icons.default\">\n\t\t\t\t<div class=\"elementor-widget-container\">\n\t\t\t\t\t\t\t<div class=\"elementor-social-icons-wrapper elementor-grid\" role=\"list\">\n\t\t\t\t\t\t\t<span class=\"elementor-grid-item\" role=\"listitem\">\n\t\t\t\t\t<a class=\"elementor-icon elementor-social-icon elementor-social-icon-facebook-f elementor-repeater-item-57fe014\" href=\"https:\/\/www.facebook.com\/helpershungary\/\">\n\t\t\t\t\t\t<span class=\"elementor-screen-only\">Facebook-f<\/span>\n\t\t\t\t\t\t<i aria-hidden=\"true\" class=\"fab fa-facebook-f\"><\/i>\t\t\t\t\t<\/a>\n\t\t\t\t<\/span>\n\t\t\t\t\t\t\t<span class=\"elementor-grid-item\" role=\"listitem\">\n\t\t\t\t\t<a class=\"elementor-icon elementor-social-icon elementor-social-icon-twitter elementor-repeater-item-0ec3dce\" href=\"https:\/\/twitter.com\/helpershu\">\n\t\t\t\t\t\t<span class=\"elementor-screen-only\">Twitter<\/span>\n\t\t\t\t\t\t<i aria-hidden=\"true\" class=\"fab fa-twitter\"><\/i>\t\t\t\t\t<\/a>\n\t\t\t\t<\/span>\n\t\t\t\t\t\t\t<span class=\"elementor-grid-item\" role=\"listitem\">\n\t\t\t\t\t<a class=\"elementor-icon elementor-social-icon elementor-social-icon-instagram elementor-repeater-item-bc132f5\" href=\"https:\/\/www.instagram.com\/helpershungary\/\" target=\"_blank\">\n\t\t\t\t\t\t<span class=\"elementor-screen-only\">Instagram<\/span>\n\t\t\t\t\t\t<i aria-hidden=\"true\" class=\"fab fa-instagram\"><\/i>\t\t\t\t\t<\/a>\n\t\t\t\t<\/span>\n\t\t\t\t\t<\/div>\n\t\t\t\t\t\t<\/div>\n\t\t\t\t<\/div>\n\t\t\t\t\t<\/div>\n\t\t<\/div>\n\t\t\t\t\t<\/div>\n\t\t<\/section>\n\t\t\t\t\t<\/div>\n\t\t<\/div>\n\t\t\t\t\t<\/div>\n\t\t<\/section>\n\t\t\t\t<\/div>\n\t\t","protected":false},"excerpt":{"rendered":"<p>\uc900\ube44\ub410\uc73c\ub2c8, \uc774\uc57c\uae30\ub97c \ud574 \ubd05\uc2dc\ub2e4. \uc5f0\ub77d\ucc98 \uc8fc\uc18c Helpers Hungary Kft. 1117 Budapest, Domb\u00f3v\u00e1ri \u00fat 27, Hungary \uc774\uba54\uc77c info@helpers.hu \uc804\ud654 +36 1 317 8570 Facebook-f Twitter Instagram<\/p>\n","protected":false},"author":2,"featured_media":0,"parent":0,"menu_order":0,"comment_status":"closed","ping_status":"closed","template":"","meta":{"site-sidebar-layout":"no-sidebar","site-content-layout":"page-builder","ast-site-content-layout":"","site-content-style":"default","site-sidebar-style":"default","ast-global-header-display":"","ast-banner-title-visibility":"","ast-main-header-display":"","ast-hfb-above-header-display":"","ast-hfb-below-header-display":"","ast-hfb-mobile-header-display":"","site-post-title":"disabled","ast-breadcrumbs-content":"","ast-featured-img":"disabled","footer-sml-layout":"","theme-transparent-header-meta":"enabled","adv-header-id-meta":"","stick-header-meta":"","header-above-stick-meta":"","header-main-stick-meta":"","header-below-stick-meta":"","astra-migrate-meta-layouts":"","footnotes":""},"class_list":["post-766","page","type-page","status-publish","hentry"],"yoast_head":"<!-- This site is optimized with the Yoast SEO plugin v27.1.1 - https:\/\/yoast.com\/product\/yoast-seo-wordpress\/ -->\n<title>\ubb38\uc758 - Company Formation<\/title>\n<meta name=\"description\" content=\"\ud5dd\uac00\ub9ac\uc5d0 \ud68c\uc0ac\ub97c \uc124\ub9bd\ud558\uace0 \uc2f6\uc73c\uc2e0\uac00\uc694? \uc624\ub298 \ub2f9\uc0ac\uc5d0 \uc5f0\ub77d\ud558\uc5ec \uc5f4\uc815\uc801\uc778 \ud300\uc5d0 \ub9e1\uaca8\uc8fc\uc2ed\uc2dc\uc624. \uc774\uba54\uc77c, \uc804\ud654 \ubc0f \uc8fc\uc18c \ub4f1 \ubb38\uc758 \uc815\ubcf4\ub97c \uc5ec\uae30\uc5d0\uc11c \ud655\uc778\ud558\uc2ed\uc2dc\uc624.\" \/>\n<meta name=\"robots\" content=\"index, follow, max-snippet:-1, max-image-preview:large, max-video-preview:-1\" \/>\n<link rel=\"canonical\" href=\"https:\/\/companyformation.hu\/contact\/\" \/>\n<meta property=\"og:locale\" content=\"ko_KR\" \/>\n<meta property=\"og:type\" content=\"article\" \/>\n<meta property=\"og:title\" content=\"\ubb38\uc758 - Company Formation\" \/>\n<meta property=\"og:description\" content=\"\ud5dd\uac00\ub9ac\uc5d0 \ud68c\uc0ac\ub97c \uc124\ub9bd\ud558\uace0 \uc2f6\uc73c\uc2e0\uac00\uc694? \uc624\ub298 \ub2f9\uc0ac\uc5d0 \uc5f0\ub77d\ud558\uc5ec \uc5f4\uc815\uc801\uc778 \ud300\uc5d0 \ub9e1\uaca8\uc8fc\uc2ed\uc2dc\uc624. \uc774\uba54\uc77c, \uc804\ud654 \ubc0f \uc8fc\uc18c \ub4f1 \ubb38\uc758 \uc815\ubcf4\ub97c \uc5ec\uae30\uc5d0\uc11c \ud655\uc778\ud558\uc2ed\uc2dc\uc624.\" \/>\n<meta property=\"og:url\" content=\"https:\/\/companyformation.hu\/contact\/\" \/>\n<meta property=\"og:site_name\" content=\"Company Formation\" \/>\n<meta property=\"article:modified_time\" content=\"2025-02-20T12:39:01+00:00\" \/>\n<meta property=\"og:image\" content=\"https:\/\/companyformation.hu\/wp-content\/uploads\/2023\/10\/company-formation-hungary-KO-header-1-1024x582.png\" \/>\n<meta name=\"twitter:card\" content=\"summary_large_image\" \/>\n<meta name=\"twitter:label1\" content=\"\uc608\uc0c1 \ub418\ub294 \ud310\ub3c5 \uc2dc\uac04\" \/>\n\t<meta name=\"twitter:data1\" content=\"1\ubd84\" \/>\n<script type=\"application\/ld+json\" class=\"yoast-schema-graph\">{\"@context\":\"https:\/\/schema.org\",\"@graph\":[{\"@type\":\"WebPage\",\"@id\":\"https:\/\/companyformation.hu\/contact\/\",\"url\":\"https:\/\/companyformation.hu\/contact\/\",\"name\":\"\ubb38\uc758 - Company Formation\",\"isPartOf\":{\"@id\":\"https:\/\/companyformation.hu\/#website\"},\"primaryImageOfPage\":{\"@id\":\"https:\/\/companyformation.hu\/contact\/#primaryimage\"},\"image\":{\"@id\":\"https:\/\/companyformation.hu\/contact\/#primaryimage\"},\"thumbnailUrl\":\"https:\/\/companyformation.hu\/wp-content\/uploads\/2023\/10\/company-formation-hungary-KO-header-1-1024x582.png\",\"datePublished\":\"2020-07-20T08:54:26+00:00\",\"dateModified\":\"2025-02-20T12:39:01+00:00\",\"description\":\"\ud5dd\uac00\ub9ac\uc5d0 \ud68c\uc0ac\ub97c \uc124\ub9bd\ud558\uace0 \uc2f6\uc73c\uc2e0\uac00\uc694? \uc624\ub298 \ub2f9\uc0ac\uc5d0 \uc5f0\ub77d\ud558\uc5ec \uc5f4\uc815\uc801\uc778 \ud300\uc5d0 \ub9e1\uaca8\uc8fc\uc2ed\uc2dc\uc624. \uc774\uba54\uc77c, \uc804\ud654 \ubc0f \uc8fc\uc18c \ub4f1 \ubb38\uc758 \uc815\ubcf4\ub97c \uc5ec\uae30\uc5d0\uc11c \ud655\uc778\ud558\uc2ed\uc2dc\uc624.\",\"breadcrumb\":{\"@id\":\"https:\/\/companyformation.hu\/contact\/#breadcrumb\"},\"inLanguage\":\"ko-KR\",\"potentialAction\":[{\"@type\":\"ReadAction\",\"target\":[\"https:\/\/companyformation.hu\/contact\/\"]}]},{\"@type\":\"ImageObject\",\"inLanguage\":\"ko-KR\",\"@id\":\"https:\/\/companyformation.hu\/contact\/#primaryimage\",\"url\":\"https:\/\/companyformation.hu\/wp-content\/uploads\/2023\/10\/company-formation-hungary-KO-header-1-1024x582.png\",\"contentUrl\":\"https:\/\/companyformation.hu\/wp-content\/uploads\/2023\/10\/company-formation-hungary-KO-header-1-1024x582.png\"},{\"@type\":\"BreadcrumbList\",\"@id\":\"https:\/\/companyformation.hu\/contact\/#breadcrumb\",\"itemListElement\":[{\"@type\":\"ListItem\",\"position\":1,\"name\":\"Home\",\"item\":\"https:\/\/companyformation.hu\/\"},{\"@type\":\"ListItem\",\"position\":2,\"name\":\"\ubb38\uc758\"}]},{\"@type\":\"WebSite\",\"@id\":\"https:\/\/companyformation.hu\/#website\",\"url\":\"https:\/\/companyformation.hu\/\",\"name\":\"Company Formation\",\"description\":\"Company Formation in Hungary\",\"publisher\":{\"@id\":\"https:\/\/companyformation.hu\/#organization\"},\"potentialAction\":[{\"@type\":\"SearchAction\",\"target\":{\"@type\":\"EntryPoint\",\"urlTemplate\":\"https:\/\/companyformation.hu\/?s={search_term_string}\"},\"query-input\":{\"@type\":\"PropertyValueSpecification\",\"valueRequired\":true,\"valueName\":\"search_term_string\"}}],\"inLanguage\":\"ko-KR\"},{\"@type\":\"Organization\",\"@id\":\"https:\/\/companyformation.hu\/#organization\",\"name\":\"Company Formation\",\"url\":\"https:\/\/companyformation.hu\/\",\"logo\":{\"@type\":\"ImageObject\",\"inLanguage\":\"ko-KR\",\"@id\":\"https:\/\/companyformation.hu\/#\/schema\/logo\/image\/\",\"url\":\"https:\/\/companyformation.hu\/wp-content\/uploads\/2020\/03\/helperslogo_outline_white_smallframe.png\",\"contentUrl\":\"https:\/\/companyformation.hu\/wp-content\/uploads\/2020\/03\/helperslogo_outline_white_smallframe.png\",\"width\":400,\"height\":300,\"caption\":\"Company Formation\"},\"image\":{\"@id\":\"https:\/\/companyformation.hu\/#\/schema\/logo\/image\/\"}}]}<\/script>\n<!-- \/ Yoast SEO plugin. -->","yoast_head_json":{"title":"\ubb38\uc758 - Company Formation","description":"\ud5dd\uac00\ub9ac\uc5d0 \ud68c\uc0ac\ub97c \uc124\ub9bd\ud558\uace0 \uc2f6\uc73c\uc2e0\uac00\uc694? \uc624\ub298 \ub2f9\uc0ac\uc5d0 \uc5f0\ub77d\ud558\uc5ec \uc5f4\uc815\uc801\uc778 \ud300\uc5d0 \ub9e1\uaca8\uc8fc\uc2ed\uc2dc\uc624. \uc774\uba54\uc77c, \uc804\ud654 \ubc0f \uc8fc\uc18c \ub4f1 \ubb38\uc758 \uc815\ubcf4\ub97c \uc5ec\uae30\uc5d0\uc11c \ud655\uc778\ud558\uc2ed\uc2dc\uc624.","robots":{"index":"index","follow":"follow","max-snippet":"max-snippet:-1","max-image-preview":"max-image-preview:large","max-video-preview":"max-video-preview:-1"},"canonical":"https:\/\/companyformation.hu\/contact\/","og_locale":"ko_KR","og_type":"article","og_title":"\ubb38\uc758 - Company Formation","og_description":"\ud5dd\uac00\ub9ac\uc5d0 \ud68c\uc0ac\ub97c \uc124\ub9bd\ud558\uace0 \uc2f6\uc73c\uc2e0\uac00\uc694? \uc624\ub298 \ub2f9\uc0ac\uc5d0 \uc5f0\ub77d\ud558\uc5ec \uc5f4\uc815\uc801\uc778 \ud300\uc5d0 \ub9e1\uaca8\uc8fc\uc2ed\uc2dc\uc624. \uc774\uba54\uc77c, \uc804\ud654 \ubc0f \uc8fc\uc18c \ub4f1 \ubb38\uc758 \uc815\ubcf4\ub97c \uc5ec\uae30\uc5d0\uc11c \ud655\uc778\ud558\uc2ed\uc2dc\uc624.","og_url":"https:\/\/companyformation.hu\/contact\/","og_site_name":"Company Formation","article_modified_time":"2025-02-20T12:39:01+00:00","og_image":[{"url":"https:\/\/companyformation.hu\/wp-content\/uploads\/2023\/10\/company-formation-hungary-KO-header-1-1024x582.png","type":"","width":"","height":""}],"twitter_card":"summary_large_image","twitter_misc":{"\uc608\uc0c1 \ub418\ub294 \ud310\ub3c5 \uc2dc\uac04":"1\ubd84"},"schema":{"@context":"https:\/\/schema.org","@graph":[{"@type":"WebPage","@id":"https:\/\/companyformation.hu\/contact\/","url":"https:\/\/companyformation.hu\/contact\/","name":"\ubb38\uc758 - Company Formation","isPartOf":{"@id":"https:\/\/companyformation.hu\/#website"},"primaryImageOfPage":{"@id":"https:\/\/companyformation.hu\/contact\/#primaryimage"},"image":{"@id":"https:\/\/companyformation.hu\/contact\/#primaryimage"},"thumbnailUrl":"https:\/\/companyformation.hu\/wp-content\/uploads\/2023\/10\/company-formation-hungary-KO-header-1-1024x582.png","datePublished":"2020-07-20T08:54:26+00:00","dateModified":"2025-02-20T12:39:01+00:00","description":"\ud5dd\uac00\ub9ac\uc5d0 \ud68c\uc0ac\ub97c \uc124\ub9bd\ud558\uace0 \uc2f6\uc73c\uc2e0\uac00\uc694? \uc624\ub298 \ub2f9\uc0ac\uc5d0 \uc5f0\ub77d\ud558\uc5ec \uc5f4\uc815\uc801\uc778 \ud300\uc5d0 \ub9e1\uaca8\uc8fc\uc2ed\uc2dc\uc624. \uc774\uba54\uc77c, \uc804\ud654 \ubc0f \uc8fc\uc18c \ub4f1 \ubb38\uc758 \uc815\ubcf4\ub97c \uc5ec\uae30\uc5d0\uc11c \ud655\uc778\ud558\uc2ed\uc2dc\uc624.","breadcrumb":{"@id":"https:\/\/companyformation.hu\/contact\/#breadcrumb"},"inLanguage":"ko-KR","potentialAction":[{"@type":"ReadAction","target":["https:\/\/companyformation.hu\/contact\/"]}]},{"@type":"ImageObject","inLanguage":"ko-KR","@id":"https:\/\/companyformation.hu\/contact\/#primaryimage","url":"https:\/\/companyformation.hu\/wp-content\/uploads\/2023\/10\/company-formation-hungary-KO-header-1-1024x582.png","contentUrl":"https:\/\/companyformation.hu\/wp-content\/uploads\/2023\/10\/company-formation-hungary-KO-header-1-1024x582.png"},{"@type":"BreadcrumbList","@id":"https:\/\/companyformation.hu\/contact\/#breadcrumb","itemListElement":[{"@type":"ListItem","position":1,"name":"Home","item":"https:\/\/companyformation.hu\/"},{"@type":"ListItem","position":2,"name":"\ubb38\uc758"}]},{"@type":"WebSite","@id":"https:\/\/companyformation.hu\/#website","url":"https:\/\/companyformation.hu\/","name":"Company Formation","description":"Company Formation in Hungary","publisher":{"@id":"https:\/\/companyformation.hu\/#organization"},"potentialAction":[{"@type":"SearchAction","target":{"@type":"EntryPoint","urlTemplate":"https:\/\/companyformation.hu\/?s={search_term_string}"},"query-input":{"@type":"PropertyValueSpecification","valueRequired":true,"valueName":"search_term_string"}}],"inLanguage":"ko-KR"},{"@type":"Organization","@id":"https:\/\/companyformation.hu\/#organization","name":"Company Formation","url":"https:\/\/companyformation.hu\/","logo":{"@type":"ImageObject","inLanguage":"ko-KR","@id":"https:\/\/companyformation.hu\/#\/schema\/logo\/image\/","url":"https:\/\/companyformation.hu\/wp-content\/uploads\/2020\/03\/helperslogo_outline_white_smallframe.png","contentUrl":"https:\/\/companyformation.hu\/wp-content\/uploads\/2020\/03\/helperslogo_outline_white_smallframe.png","width":400,"height":300,"caption":"Company Formation"},"image":{"@id":"https:\/\/companyformation.hu\/#\/schema\/logo\/image\/"}}]}},"_links":{"self":[{"href":"https:\/\/companyformation.hu\/ko\/wp-json\/wp\/v2\/pages\/766","targetHints":{"allow":["GET"]}}],"collection":[{"href":"https:\/\/companyformation.hu\/ko\/wp-json\/wp\/v2\/pages"}],"about":[{"href":"https:\/\/companyformation.hu\/ko\/wp-json\/wp\/v2\/types\/page"}],"author":[{"embeddable":true,"href":"https:\/\/companyformation.hu\/ko\/wp-json\/wp\/v2\/users\/2"}],"replies":[{"embeddable":true,"href":"https:\/\/companyformation.hu\/ko\/wp-json\/wp\/v2\/comments?post=766"}],"version-history":[{"count":17,"href":"https:\/\/companyformation.hu\/ko\/wp-json\/wp\/v2\/pages\/766\/revisions"}],"predecessor-version":[{"id":5159,"href":"https:\/\/companyformation.hu\/ko\/wp-json\/wp\/v2\/pages\/766\/revisions\/5159"}],"wp:attachment":[{"href":"https:\/\/companyformation.hu\/ko\/wp-json\/wp\/v2\/media?parent=766"}],"curies":[{"name":"wp","href":"https:\/\/api.w.org\/{rel}","templated":true}]}}