{"id":636,"date":"2020-07-15T12:36:10","date_gmt":"2020-07-15T10:36:10","guid":{"rendered":"https:\/\/companyformation.hu\/?page_id=636"},"modified":"2025-02-20T13:37:21","modified_gmt":"2025-02-20T12:37:21","slug":"kapcsolat","status":"publish","type":"page","link":"https:\/\/companyformation.hu\/hu\/kapcsolat\/","title":{"rendered":"Kapcsolat"},"content":{"rendered":"\t\t<div data-elementor-type=\"wp-post\" data-elementor-id=\"636\" class=\"elementor elementor-636 elementor-20\">\n\t\t\t\t\t\t<section class=\"elementor-section elementor-top-section elementor-element elementor-element-2c0f5e1 elementor-section-boxed elementor-section-height-default elementor-section-height-default\" data-id=\"2c0f5e1\" data-element_type=\"section\" data-e-type=\"section\" data-settings=\"{&quot;background_background&quot;:&quot;classic&quot;}\">\n\t\t\t\t\t\t<div class=\"elementor-container elementor-column-gap-default\">\n\t\t\t\t\t<div class=\"elementor-column elementor-col-100 elementor-top-column elementor-element elementor-element-90496d0\" data-id=\"90496d0\" data-element_type=\"column\" data-e-type=\"column\">\n\t\t\t<div class=\"elementor-widget-wrap elementor-element-populated\">\n\t\t\t\t\t\t<div class=\"elementor-element elementor-element-2f9f492 elementor-widget elementor-widget-image\" data-id=\"2f9f492\" data-element_type=\"widget\" data-e-type=\"widget\" data-widget_type=\"image.default\">\n\t\t\t\t<div class=\"elementor-widget-container\">\n\t\t\t\t\t\t\t\t\t\t\t\t\t\t\t<img fetchpriority=\"high\" decoding=\"async\" width=\"1024\" height=\"582\" src=\"https:\/\/companyformation.hu\/wp-content\/uploads\/2023\/09\/company-formation-hungary-HU-header-1024x582.png\" class=\"attachment-large size-large wp-image-4597\" alt=\"\" srcset=\"https:\/\/companyformation.hu\/wp-content\/uploads\/2023\/09\/company-formation-hungary-HU-header-1024x582.png 1024w, https:\/\/companyformation.hu\/wp-content\/uploads\/2023\/09\/company-formation-hungary-HU-header-300x171.png 300w, https:\/\/companyformation.hu\/wp-content\/uploads\/2023\/09\/company-formation-hungary-HU-header-768x437.png 768w, https:\/\/companyformation.hu\/wp-content\/uploads\/2023\/09\/company-formation-hungary-HU-header.png 1500w\" sizes=\"(max-width: 1024px) 100vw, 1024px\" \/>\t\t\t\t\t\t\t\t\t\t\t\t\t\t\t<\/div>\n\t\t\t\t<\/div>\n\t\t\t\t\t<\/div>\n\t\t<\/div>\n\t\t\t\t\t<\/div>\n\t\t<\/section>\n\t\t\t\t<section class=\"elementor-section elementor-top-section elementor-element elementor-element-34cbd81 elementor-section-boxed elementor-section-height-default elementor-section-height-default\" data-id=\"34cbd81\" data-element_type=\"section\" data-e-type=\"section\" data-settings=\"{&quot;background_background&quot;:&quot;classic&quot;}\">\n\t\t\t\t\t\t<div class=\"elementor-container elementor-column-gap-default\">\n\t\t\t\t\t<div class=\"elementor-column elementor-col-100 elementor-top-column elementor-element elementor-element-1dfb88a\" data-id=\"1dfb88a\" data-element_type=\"column\" data-e-type=\"column\">\n\t\t\t<div class=\"elementor-widget-wrap elementor-element-populated\">\n\t\t\t\t\t\t<section class=\"elementor-section elementor-inner-section elementor-element elementor-element-8672813 elementor-section-boxed elementor-section-height-default elementor-section-height-default\" data-id=\"8672813\" data-element_type=\"section\" data-e-type=\"section\">\n\t\t\t\t\t\t<div class=\"elementor-container elementor-column-gap-default\">\n\t\t\t\t\t<div class=\"elementor-column elementor-col-50 elementor-inner-column elementor-element elementor-element-21ad806\" data-id=\"21ad806\" data-element_type=\"column\" data-e-type=\"column\" data-settings=\"{&quot;background_background&quot;:&quot;classic&quot;}\">\n\t\t\t<div class=\"elementor-widget-wrap elementor-element-populated\">\n\t\t\t\t\t<div class=\"elementor-background-overlay\"><\/div>\n\t\t\t\t\t\t<div class=\"elementor-element elementor-element-74c0dbc elementor-widget elementor-widget-heading\" data-id=\"74c0dbc\" data-element_type=\"widget\" data-e-type=\"widget\" data-widget_type=\"heading.default\">\n\t\t\t\t<div class=\"elementor-widget-container\">\n\t\t\t\t\t<h2 class=\"elementor-heading-title elementor-size-default\">Itt vagyunk, besz\u00e9lgess\u00fcnk!\n<\/h2>\t\t\t\t<\/div>\n\t\t\t\t<\/div>\n\t\t\t\t<div class=\"elementor-element elementor-element-bef937d elementor-widget elementor-widget-shortcode\" data-id=\"bef937d\" data-element_type=\"widget\" data-e-type=\"widget\" data-widget_type=\"shortcode.default\">\n\t\t\t\t<div class=\"elementor-widget-container\">\n\t\t\t\t\t\t\t<div class=\"elementor-shortcode\"><div id=\"usermessage2a\" class=\"cf_info \"><\/div><form enctype=\"multipart\/form-data\" action=\"\/hu\/wp-json\/wp\/v2\/pages\/636#usermessage2a\" method=\"post\" class=\"cform order-form-hu \" id=\"cforms2form\"><fieldset class=\"cf-fs1\" style=\"\"><legend>Kapcsolat<\/legend><ol class=\"cf-ol\"><li id=\"li-2-2\" class=\"\"><label id=\"label-2-2\" for=\"cf2_field_2\"><span>N\u00e9v<\/span><\/label><input type=\"text\" name=\"cf2_field_2\" id=\"cf2_field_2\" class=\"single fldrequired\" value=\"N\u00e9v\" onfocus=\"clearField(this)\" onblur=\"setField(this)\" title=\"\"\/><span class=\"reqtxt\">(k\u00f6telez\u0151)<\/span><\/li><li id=\"li-2-3\" class=\"\"><label id=\"label-2-3\" for=\"cf2_field_3\"><span>E-mail<\/span><\/label><input type=\"text\" name=\"cf2_field_3\" id=\"cf2_field_3\" class=\"single fldemail fldrequired\" value=\"\" title=\"\"\/><span class=\"emailreqtxt\">(\u00e9rv\u00e9nyes e-mail c\u00edmet adjon meg)<\/span><\/li><li id=\"li-2-4\" class=\"\"><label id=\"label-2-4\" for=\"cf2_field_4\"><span>\u00dczenet<\/span><\/label><textarea cols=\"30\" rows=\"8\" name=\"cf2_field_4\" id=\"cf2_field_4\" class=\"area\" title=\"\"><\/textarea><\/li><li id=\"li-2-5\" class=\"\"><label id=\"label-2-5\" for=\"cf2_field_5\"><span>Csomag<\/span><\/label><select name=\"cf2_field_5\" id=\"cf2_field_5\" class=\"cformselect\" title=\"\"><option value=\"none\">--V\u00e1lasszon--<\/option><option value=\"essential\">Essential csomag (1690 eur\u00f3 + \u00e1fa)<\/option><option value=\"standard\">Standard Csomag (\u20ac2590+\u00e1fa)<\/option><option value=\"accounting\">Accounting+ csomag (3990 eur\u00f3 + \u00e1fa)<\/option><option value=\"corporate\">Corporate csomag (4290 eur\u00f3 + \u00e1fa)<\/option><\/select><\/li><li id=\"li-2-6\" class=\"\"><label for=\"cf2_field_6\" class=\"secq\"><span>How much is 5\uff0b5?<\/span><\/label><input type=\"text\" name=\"cforms2_question_and_answer\" id=\"cf2_field_6\" class=\"secinput fldrequired \" title=\"\"\/><input type=\"hidden\" name=\"cforms2_question_and_answer\/hint\" value=\"1\"\/><\/li><\/ol><\/fieldset><fieldset class=\"cf_hidden\"><legend>&nbsp;<\/legend><input type=\"hidden\" name=\"cf_working2\" id=\"cf_working2\" value=\"Kis t\u00fcrelmet\"\/><input type=\"hidden\" name=\"cf_failure2\" id=\"cf_failure2\" value=\"K\u00e9rj\u00fck, t\u00f6lts\u00f6n ki minden k\u00f6telez\u0151 mez\u0151t\"\/><input type=\"hidden\" name=\"cf_customerr2\" id=\"cf_customerr2\" value=\"y\"\/><\/fieldset><p class=\"cf-sb\"><input type=\"submit\" name=\"sendbutton2\" id=\"sendbutton2\" class=\"sendbutton\" value=\"K\u00fcld\u00e9s\" \/><\/p><\/form><\/div>\n\t\t\t\t\t\t<\/div>\n\t\t\t\t<\/div>\n\t\t\t\t\t<\/div>\n\t\t<\/div>\n\t\t\t\t<div class=\"elementor-column elementor-col-50 elementor-inner-column elementor-element elementor-element-150c869\" data-id=\"150c869\" data-element_type=\"column\" data-e-type=\"column\" data-settings=\"{&quot;background_background&quot;:&quot;classic&quot;}\">\n\t\t\t<div class=\"elementor-widget-wrap elementor-element-populated\">\n\t\t\t\t\t<div class=\"elementor-background-overlay\"><\/div>\n\t\t\t\t\t\t<div class=\"elementor-element elementor-element-f73529e elementor-widget elementor-widget-heading\" data-id=\"f73529e\" data-element_type=\"widget\" data-e-type=\"widget\" data-widget_type=\"heading.default\">\n\t\t\t\t<div class=\"elementor-widget-container\">\n\t\t\t\t\t<h2 class=\"elementor-heading-title elementor-size-default\">El\u00e9rhet\u0151s\u00e9gek\n<\/h2>\t\t\t\t<\/div>\n\t\t\t\t<\/div>\n\t\t\t\t<div class=\"elementor-element elementor-element-5246e5c elementor-widget elementor-widget-icon-box\" data-id=\"5246e5c\" data-element_type=\"widget\" data-e-type=\"widget\" data-widget_type=\"icon-box.default\">\n\t\t\t\t<div class=\"elementor-widget-container\">\n\t\t\t\t\t\t\t<div class=\"elementor-icon-box-wrapper\">\n\n\t\t\t\n\t\t\t\t\t\t<div class=\"elementor-icon-box-content\">\n\n\t\t\t\t\t\t\t\t\t<h6 class=\"elementor-icon-box-title\">\n\t\t\t\t\t\t<span  >\n\t\t\t\t\t\t\tC\u00edm\t\t\t\t\t\t<\/span>\n\t\t\t\t\t<\/h6>\n\t\t\t\t\n\t\t\t\t\t\t\t\t\t<p class=\"elementor-icon-box-description\">\n\t\t\t\t\t\tHelpers Hungary Kft.<br>\n1117 Budapest, Domb\u00f3v\u00e1ri \u00fat 27, Magyarorsz\u00e1g\t\t\t\t\t<\/p>\n\t\t\t\t\n\t\t\t<\/div>\n\t\t\t\n\t\t<\/div>\n\t\t\t\t\t\t<\/div>\n\t\t\t\t<\/div>\n\t\t\t\t<div class=\"elementor-element elementor-element-f47ccc1 elementor-widget elementor-widget-icon-box\" data-id=\"f47ccc1\" data-element_type=\"widget\" data-e-type=\"widget\" data-widget_type=\"icon-box.default\">\n\t\t\t\t<div class=\"elementor-widget-container\">\n\t\t\t\t\t\t\t<div class=\"elementor-icon-box-wrapper\">\n\n\t\t\t\n\t\t\t\t\t\t<div class=\"elementor-icon-box-content\">\n\n\t\t\t\t\t\t\t\t\t<h6 class=\"elementor-icon-box-title\">\n\t\t\t\t\t\t<span  >\n\t\t\t\t\t\t\tE-mail\t\t\t\t\t\t<\/span>\n\t\t\t\t\t<\/h6>\n\t\t\t\t\n\t\t\t\t\t\t\t\t\t<p class=\"elementor-icon-box-description\">\n\t\t\t\t\t\tinfo@helpers.hu\t\t\t\t\t<\/p>\n\t\t\t\t\n\t\t\t<\/div>\n\t\t\t\n\t\t<\/div>\n\t\t\t\t\t\t<\/div>\n\t\t\t\t<\/div>\n\t\t\t\t<div class=\"elementor-element elementor-element-e842658 elementor-widget elementor-widget-icon-box\" data-id=\"e842658\" data-element_type=\"widget\" data-e-type=\"widget\" data-widget_type=\"icon-box.default\">\n\t\t\t\t<div class=\"elementor-widget-container\">\n\t\t\t\t\t\t\t<div class=\"elementor-icon-box-wrapper\">\n\n\t\t\t\n\t\t\t\t\t\t<div class=\"elementor-icon-box-content\">\n\n\t\t\t\t\t\t\t\t\t<h6 class=\"elementor-icon-box-title\">\n\t\t\t\t\t\t<span  >\n\t\t\t\t\t\t\tTelefon\t\t\t\t\t\t<\/span>\n\t\t\t\t\t<\/h6>\n\t\t\t\t\n\t\t\t\t\t\t\t\t\t<p class=\"elementor-icon-box-description\">\n\t\t\t\t\t\t+36 1 317 8570\t\t\t\t\t<\/p>\n\t\t\t\t\n\t\t\t<\/div>\n\t\t\t\n\t\t<\/div>\n\t\t\t\t\t\t<\/div>\n\t\t\t\t<\/div>\n\t\t\t\t<div class=\"elementor-element elementor-element-9f74309 elementor-shape-circle e-grid-align-left e-grid-align-mobile-center elementor-grid-0 elementor-widget elementor-widget-social-icons\" data-id=\"9f74309\" data-element_type=\"widget\" data-e-type=\"widget\" data-widget_type=\"social-icons.default\">\n\t\t\t\t<div class=\"elementor-widget-container\">\n\t\t\t\t\t\t\t<div class=\"elementor-social-icons-wrapper elementor-grid\" role=\"list\">\n\t\t\t\t\t\t\t<span class=\"elementor-grid-item\" role=\"listitem\">\n\t\t\t\t\t<a class=\"elementor-icon elementor-social-icon elementor-social-icon-facebook-f elementor-repeater-item-57fe014\" href=\"https:\/\/www.facebook.com\/helpershungary\/\">\n\t\t\t\t\t\t<span class=\"elementor-screen-only\">Facebook-f<\/span>\n\t\t\t\t\t\t<i aria-hidden=\"true\" class=\"fab fa-facebook-f\"><\/i>\t\t\t\t\t<\/a>\n\t\t\t\t<\/span>\n\t\t\t\t\t\t\t<span class=\"elementor-grid-item\" role=\"listitem\">\n\t\t\t\t\t<a class=\"elementor-icon elementor-social-icon elementor-social-icon-twitter elementor-repeater-item-0ec3dce\" href=\"https:\/\/twitter.com\/helpershu\">\n\t\t\t\t\t\t<span class=\"elementor-screen-only\">Twitter<\/span>\n\t\t\t\t\t\t<i aria-hidden=\"true\" class=\"fab fa-twitter\"><\/i>\t\t\t\t\t<\/a>\n\t\t\t\t<\/span>\n\t\t\t\t\t\t\t<span class=\"elementor-grid-item\" role=\"listitem\">\n\t\t\t\t\t<a class=\"elementor-icon elementor-social-icon elementor-social-icon-instagram elementor-repeater-item-bc132f5\" href=\"https:\/\/www.instagram.com\/helpershungary\/\" target=\"_blank\">\n\t\t\t\t\t\t<span class=\"elementor-screen-only\">Instagram<\/span>\n\t\t\t\t\t\t<i aria-hidden=\"true\" class=\"fab fa-instagram\"><\/i>\t\t\t\t\t<\/a>\n\t\t\t\t<\/span>\n\t\t\t\t\t<\/div>\n\t\t\t\t\t\t<\/div>\n\t\t\t\t<\/div>\n\t\t\t\t\t<\/div>\n\t\t<\/div>\n\t\t\t\t\t<\/div>\n\t\t<\/section>\n\t\t\t\t\t<\/div>\n\t\t<\/div>\n\t\t\t\t\t<\/div>\n\t\t<\/section>\n\t\t\t\t<\/div>\n\t\t","protected":false},"excerpt":{"rendered":"<p>Itt vagyunk, besz\u00e9lgess\u00fcnk! El\u00e9rhet\u0151s\u00e9gek C\u00edm Helpers Hungary Kft. 1117 Budapest, Domb\u00f3v\u00e1ri \u00fat 27, Magyarorsz\u00e1g E-mail info@helpers.hu Telefon +36 1 317 8570 Facebook-f Twitter Instagram<\/p>\n","protected":false},"author":2,"featured_media":0,"parent":0,"menu_order":0,"comment_status":"closed","ping_status":"closed","template":"","meta":{"site-sidebar-layout":"no-sidebar","site-content-layout":"page-builder","ast-site-content-layout":"default","site-content-style":"default","site-sidebar-style":"default","ast-global-header-display":"","ast-banner-title-visibility":"","ast-main-header-display":"","ast-hfb-above-header-display":"","ast-hfb-below-header-display":"","ast-hfb-mobile-header-display":"","site-post-title":"disabled","ast-breadcrumbs-content":"","ast-featured-img":"disabled","footer-sml-layout":"","ast-disable-related-posts":"","theme-transparent-header-meta":"enabled","adv-header-id-meta":"","stick-header-meta":"","header-above-stick-meta":"","header-main-stick-meta":"","header-below-stick-meta":"","astra-migrate-meta-layouts":"default","ast-page-background-enabled":"default","ast-page-background-meta":{"desktop":{"background-color":"","background-image":"","background-repeat":"repeat","background-position":"center center","background-size":"auto","background-attachment":"scroll","background-type":"","background-media":"","overlay-type":"","overlay-color":"","overlay-opacity":"","overlay-gradient":""},"tablet":{"background-color":"","background-image":"","background-repeat":"repeat","background-position":"center center","background-size":"auto","background-attachment":"scroll","background-type":"","background-media":"","overlay-type":"","overlay-color":"","overlay-opacity":"","overlay-gradient":""},"mobile":{"background-color":"","background-image":"","background-repeat":"repeat","background-position":"center center","background-size":"auto","background-attachment":"scroll","background-type":"","background-media":"","overlay-type":"","overlay-color":"","overlay-opacity":"","overlay-gradient":""}},"ast-content-background-meta":{"desktop":{"background-color":"var(--ast-global-color-5)","background-image":"","background-repeat":"repeat","background-position":"center center","background-size":"auto","background-attachment":"scroll","background-type":"","background-media":"","overlay-type":"","overlay-color":"","overlay-opacity":"","overlay-gradient":""},"tablet":{"background-color":"var(--ast-global-color-5)","background-image":"","background-repeat":"repeat","background-position":"center center","background-size":"auto","background-attachment":"scroll","background-type":"","background-media":"","overlay-type":"","overlay-color":"","overlay-opacity":"","overlay-gradient":""},"mobile":{"background-color":"var(--ast-global-color-5)","background-image":"","background-repeat":"repeat","background-position":"center center","background-size":"auto","background-attachment":"scroll","background-type":"","background-media":"","overlay-type":"","overlay-color":"","overlay-opacity":"","overlay-gradient":""}},"footnotes":""},"class_list":["post-636","page","type-page","status-publish","hentry"],"yoast_head":"<!-- This site is optimized with the Yoast SEO plugin v27.4 - https:\/\/yoast.com\/product\/yoast-seo-wordpress\/ -->\n<title>Kapcsolat - Company Formation<\/title>\n<meta name=\"description\" content=\"C\u00e9get alap\u00edtana Magyarorsz\u00e1gon? L\u00e9pjen vel\u00fcnk kapcsolatba m\u00e9g ma, \u00e9s dolgozzon egy elk\u00f6telezett csapattal! E-mail, telefon, c\u00edm: adataink egy helyen.\" \/>\n<meta name=\"robots\" content=\"index, follow, max-snippet:-1, max-image-preview:large, max-video-preview:-1\" \/>\n<link rel=\"canonical\" href=\"https:\/\/companyformation.hu\/contact\/\" \/>\n<meta property=\"og:locale\" content=\"hu_HU\" \/>\n<meta property=\"og:type\" content=\"article\" \/>\n<meta property=\"og:title\" content=\"Kapcsolat - Company Formation\" \/>\n<meta property=\"og:description\" content=\"C\u00e9get alap\u00edtana Magyarorsz\u00e1gon? L\u00e9pjen vel\u00fcnk kapcsolatba m\u00e9g ma, \u00e9s dolgozzon egy elk\u00f6telezett csapattal! E-mail, telefon, c\u00edm: adataink egy helyen.\" \/>\n<meta property=\"og:url\" content=\"https:\/\/companyformation.hu\/contact\/\" \/>\n<meta property=\"og:site_name\" content=\"Company Formation\" \/>\n<meta property=\"article:modified_time\" content=\"2025-02-20T12:37:21+00:00\" \/>\n<meta property=\"og:image\" content=\"https:\/\/companyformation.hu\/wp-content\/uploads\/2023\/09\/company-formation-hungary-HU-header-1024x582.png\" \/>\n<meta name=\"twitter:card\" content=\"summary_large_image\" \/>\n<meta name=\"twitter:label1\" content=\"Becs\u00fclt olvas\u00e1si id\u0151\" \/>\n\t<meta name=\"twitter:data1\" content=\"1 perc\" \/>\n<script type=\"application\/ld+json\" class=\"yoast-schema-graph\">{\"@context\":\"https:\\\/\\\/schema.org\",\"@graph\":[{\"@type\":\"WebPage\",\"@id\":\"https:\\\/\\\/companyformation.hu\\\/contact\\\/\",\"url\":\"https:\\\/\\\/companyformation.hu\\\/contact\\\/\",\"name\":\"Kapcsolat - Company Formation\",\"isPartOf\":{\"@id\":\"https:\\\/\\\/companyformation.hu\\\/#website\"},\"primaryImageOfPage\":{\"@id\":\"https:\\\/\\\/companyformation.hu\\\/contact\\\/#primaryimage\"},\"image\":{\"@id\":\"https:\\\/\\\/companyformation.hu\\\/contact\\\/#primaryimage\"},\"thumbnailUrl\":\"https:\\\/\\\/companyformation.hu\\\/wp-content\\\/uploads\\\/2023\\\/09\\\/company-formation-hungary-HU-header-1024x582.png\",\"datePublished\":\"2020-07-15T10:36:10+00:00\",\"dateModified\":\"2025-02-20T12:37:21+00:00\",\"description\":\"C\u00e9get alap\u00edtana Magyarorsz\u00e1gon? L\u00e9pjen vel\u00fcnk kapcsolatba m\u00e9g ma, \u00e9s dolgozzon egy elk\u00f6telezett csapattal! E-mail, telefon, c\u00edm: adataink egy helyen.\",\"breadcrumb\":{\"@id\":\"https:\\\/\\\/companyformation.hu\\\/contact\\\/#breadcrumb\"},\"inLanguage\":\"hu\",\"potentialAction\":[{\"@type\":\"ReadAction\",\"target\":[\"https:\\\/\\\/companyformation.hu\\\/contact\\\/\"]}]},{\"@type\":\"ImageObject\",\"inLanguage\":\"hu\",\"@id\":\"https:\\\/\\\/companyformation.hu\\\/contact\\\/#primaryimage\",\"url\":\"https:\\\/\\\/companyformation.hu\\\/wp-content\\\/uploads\\\/2023\\\/09\\\/company-formation-hungary-HU-header-1024x582.png\",\"contentUrl\":\"https:\\\/\\\/companyformation.hu\\\/wp-content\\\/uploads\\\/2023\\\/09\\\/company-formation-hungary-HU-header-1024x582.png\"},{\"@type\":\"BreadcrumbList\",\"@id\":\"https:\\\/\\\/companyformation.hu\\\/contact\\\/#breadcrumb\",\"itemListElement\":[{\"@type\":\"ListItem\",\"position\":1,\"name\":\"Home\",\"item\":\"https:\\\/\\\/companyformation.hu\\\/\"},{\"@type\":\"ListItem\",\"position\":2,\"name\":\"Kapcsolat\"}]},{\"@type\":\"WebSite\",\"@id\":\"https:\\\/\\\/companyformation.hu\\\/#website\",\"url\":\"https:\\\/\\\/companyformation.hu\\\/\",\"name\":\"Company Formation\",\"description\":\"Company Formation in Hungary\",\"publisher\":{\"@id\":\"https:\\\/\\\/companyformation.hu\\\/#organization\"},\"potentialAction\":[{\"@type\":\"SearchAction\",\"target\":{\"@type\":\"EntryPoint\",\"urlTemplate\":\"https:\\\/\\\/companyformation.hu\\\/?s={search_term_string}\"},\"query-input\":{\"@type\":\"PropertyValueSpecification\",\"valueRequired\":true,\"valueName\":\"search_term_string\"}}],\"inLanguage\":\"hu\"},{\"@type\":\"Organization\",\"@id\":\"https:\\\/\\\/companyformation.hu\\\/#organization\",\"name\":\"Company Formation\",\"url\":\"https:\\\/\\\/companyformation.hu\\\/\",\"logo\":{\"@type\":\"ImageObject\",\"inLanguage\":\"hu\",\"@id\":\"https:\\\/\\\/companyformation.hu\\\/#\\\/schema\\\/logo\\\/image\\\/\",\"url\":\"https:\\\/\\\/companyformation.hu\\\/wp-content\\\/uploads\\\/2020\\\/03\\\/helperslogo_outline_white_smallframe.png\",\"contentUrl\":\"https:\\\/\\\/companyformation.hu\\\/wp-content\\\/uploads\\\/2020\\\/03\\\/helperslogo_outline_white_smallframe.png\",\"width\":400,\"height\":300,\"caption\":\"Company Formation\"},\"image\":{\"@id\":\"https:\\\/\\\/companyformation.hu\\\/#\\\/schema\\\/logo\\\/image\\\/\"}}]}<\/script>\n<!-- \/ Yoast SEO plugin. -->","yoast_head_json":{"title":"Kapcsolat - Company Formation","description":"C\u00e9get alap\u00edtana Magyarorsz\u00e1gon? L\u00e9pjen vel\u00fcnk kapcsolatba m\u00e9g ma, \u00e9s dolgozzon egy elk\u00f6telezett csapattal! E-mail, telefon, c\u00edm: adataink egy helyen.","robots":{"index":"index","follow":"follow","max-snippet":"max-snippet:-1","max-image-preview":"max-image-preview:large","max-video-preview":"max-video-preview:-1"},"canonical":"https:\/\/companyformation.hu\/contact\/","og_locale":"hu_HU","og_type":"article","og_title":"Kapcsolat - Company Formation","og_description":"C\u00e9get alap\u00edtana Magyarorsz\u00e1gon? L\u00e9pjen vel\u00fcnk kapcsolatba m\u00e9g ma, \u00e9s dolgozzon egy elk\u00f6telezett csapattal! E-mail, telefon, c\u00edm: adataink egy helyen.","og_url":"https:\/\/companyformation.hu\/contact\/","og_site_name":"Company Formation","article_modified_time":"2025-02-20T12:37:21+00:00","og_image":[{"url":"https:\/\/companyformation.hu\/wp-content\/uploads\/2023\/09\/company-formation-hungary-HU-header-1024x582.png","type":"","width":"","height":""}],"twitter_card":"summary_large_image","twitter_misc":{"Becs\u00fclt olvas\u00e1si id\u0151":"1 perc"},"schema":{"@context":"https:\/\/schema.org","@graph":[{"@type":"WebPage","@id":"https:\/\/companyformation.hu\/contact\/","url":"https:\/\/companyformation.hu\/contact\/","name":"Kapcsolat - Company Formation","isPartOf":{"@id":"https:\/\/companyformation.hu\/#website"},"primaryImageOfPage":{"@id":"https:\/\/companyformation.hu\/contact\/#primaryimage"},"image":{"@id":"https:\/\/companyformation.hu\/contact\/#primaryimage"},"thumbnailUrl":"https:\/\/companyformation.hu\/wp-content\/uploads\/2023\/09\/company-formation-hungary-HU-header-1024x582.png","datePublished":"2020-07-15T10:36:10+00:00","dateModified":"2025-02-20T12:37:21+00:00","description":"C\u00e9get alap\u00edtana Magyarorsz\u00e1gon? L\u00e9pjen vel\u00fcnk kapcsolatba m\u00e9g ma, \u00e9s dolgozzon egy elk\u00f6telezett csapattal! E-mail, telefon, c\u00edm: adataink egy helyen.","breadcrumb":{"@id":"https:\/\/companyformation.hu\/contact\/#breadcrumb"},"inLanguage":"hu","potentialAction":[{"@type":"ReadAction","target":["https:\/\/companyformation.hu\/contact\/"]}]},{"@type":"ImageObject","inLanguage":"hu","@id":"https:\/\/companyformation.hu\/contact\/#primaryimage","url":"https:\/\/companyformation.hu\/wp-content\/uploads\/2023\/09\/company-formation-hungary-HU-header-1024x582.png","contentUrl":"https:\/\/companyformation.hu\/wp-content\/uploads\/2023\/09\/company-formation-hungary-HU-header-1024x582.png"},{"@type":"BreadcrumbList","@id":"https:\/\/companyformation.hu\/contact\/#breadcrumb","itemListElement":[{"@type":"ListItem","position":1,"name":"Home","item":"https:\/\/companyformation.hu\/"},{"@type":"ListItem","position":2,"name":"Kapcsolat"}]},{"@type":"WebSite","@id":"https:\/\/companyformation.hu\/#website","url":"https:\/\/companyformation.hu\/","name":"Company Formation","description":"Company Formation in Hungary","publisher":{"@id":"https:\/\/companyformation.hu\/#organization"},"potentialAction":[{"@type":"SearchAction","target":{"@type":"EntryPoint","urlTemplate":"https:\/\/companyformation.hu\/?s={search_term_string}"},"query-input":{"@type":"PropertyValueSpecification","valueRequired":true,"valueName":"search_term_string"}}],"inLanguage":"hu"},{"@type":"Organization","@id":"https:\/\/companyformation.hu\/#organization","name":"Company Formation","url":"https:\/\/companyformation.hu\/","logo":{"@type":"ImageObject","inLanguage":"hu","@id":"https:\/\/companyformation.hu\/#\/schema\/logo\/image\/","url":"https:\/\/companyformation.hu\/wp-content\/uploads\/2020\/03\/helperslogo_outline_white_smallframe.png","contentUrl":"https:\/\/companyformation.hu\/wp-content\/uploads\/2020\/03\/helperslogo_outline_white_smallframe.png","width":400,"height":300,"caption":"Company Formation"},"image":{"@id":"https:\/\/companyformation.hu\/#\/schema\/logo\/image\/"}}]}},"_links":{"self":[{"href":"https:\/\/companyformation.hu\/hu\/wp-json\/wp\/v2\/pages\/636","targetHints":{"allow":["GET"]}}],"collection":[{"href":"https:\/\/companyformation.hu\/hu\/wp-json\/wp\/v2\/pages"}],"about":[{"href":"https:\/\/companyformation.hu\/hu\/wp-json\/wp\/v2\/types\/page"}],"author":[{"embeddable":true,"href":"https:\/\/companyformation.hu\/hu\/wp-json\/wp\/v2\/users\/2"}],"replies":[{"embeddable":true,"href":"https:\/\/companyformation.hu\/hu\/wp-json\/wp\/v2\/comments?post=636"}],"version-history":[{"count":27,"href":"https:\/\/companyformation.hu\/hu\/wp-json\/wp\/v2\/pages\/636\/revisions"}],"predecessor-version":[{"id":5150,"href":"https:\/\/companyformation.hu\/hu\/wp-json\/wp\/v2\/pages\/636\/revisions\/5150"}],"wp:attachment":[{"href":"https:\/\/companyformation.hu\/hu\/wp-json\/wp\/v2\/media?parent=636"}],"curies":[{"name":"wp","href":"https:\/\/api.w.org\/{rel}","templated":true}]}}