{"id":1867,"date":"2022-06-23T14:38:20","date_gmt":"2022-06-23T12:38:20","guid":{"rendered":"https:\/\/companyformation.hu\/?page_id=1867"},"modified":"2025-02-20T13:37:58","modified_gmt":"2025-02-20T12:37:58","slug":"contacto","status":"publish","type":"page","link":"https:\/\/companyformation.hu\/es\/contacto\/","title":{"rendered":"Contacto"},"content":{"rendered":"\t\t<div data-elementor-type=\"wp-post\" data-elementor-id=\"1867\" class=\"elementor elementor-1867 elementor-20\">\n\t\t\t\t\t\t<section class=\"elementor-section elementor-top-section elementor-element elementor-element-2c8985a elementor-section-boxed elementor-section-height-default elementor-section-height-default\" data-id=\"2c8985a\" data-element_type=\"section\" data-e-type=\"section\" data-settings=\"{&quot;background_background&quot;:&quot;classic&quot;}\">\n\t\t\t\t\t\t<div class=\"elementor-container elementor-column-gap-default\">\n\t\t\t\t\t<div class=\"elementor-column elementor-col-100 elementor-top-column elementor-element elementor-element-e7d97e7\" data-id=\"e7d97e7\" data-element_type=\"column\" data-e-type=\"column\">\n\t\t\t<div class=\"elementor-widget-wrap elementor-element-populated\">\n\t\t\t\t\t\t<div class=\"elementor-element elementor-element-92654eb elementor-widget elementor-widget-image\" data-id=\"92654eb\" data-element_type=\"widget\" data-e-type=\"widget\" data-widget_type=\"image.default\">\n\t\t\t\t<div class=\"elementor-widget-container\">\n\t\t\t\t\t\t\t\t\t\t\t\t\t\t\t<img fetchpriority=\"high\" decoding=\"async\" width=\"1024\" height=\"582\" src=\"https:\/\/companyformation.hu\/wp-content\/uploads\/2023\/09\/company-formation-hungary-ES-header-1024x582.png\" class=\"attachment-large size-large wp-image-4584\" alt=\"\" srcset=\"https:\/\/companyformation.hu\/wp-content\/uploads\/2023\/09\/company-formation-hungary-ES-header-1024x582.png 1024w, https:\/\/companyformation.hu\/wp-content\/uploads\/2023\/09\/company-formation-hungary-ES-header-300x171.png 300w, https:\/\/companyformation.hu\/wp-content\/uploads\/2023\/09\/company-formation-hungary-ES-header-768x437.png 768w, https:\/\/companyformation.hu\/wp-content\/uploads\/2023\/09\/company-formation-hungary-ES-header.png 1500w\" sizes=\"(max-width: 1024px) 100vw, 1024px\" \/>\t\t\t\t\t\t\t\t\t\t\t\t\t\t\t<\/div>\n\t\t\t\t<\/div>\n\t\t\t\t\t<\/div>\n\t\t<\/div>\n\t\t\t\t\t<\/div>\n\t\t<\/section>\n\t\t\t\t<section class=\"elementor-section elementor-top-section elementor-element elementor-element-34cbd81 elementor-section-boxed elementor-section-height-default elementor-section-height-default\" data-id=\"34cbd81\" data-element_type=\"section\" data-e-type=\"section\" data-settings=\"{&quot;background_background&quot;:&quot;classic&quot;}\">\n\t\t\t\t\t\t<div class=\"elementor-container elementor-column-gap-default\">\n\t\t\t\t\t<div class=\"elementor-column elementor-col-100 elementor-top-column elementor-element elementor-element-1dfb88a\" data-id=\"1dfb88a\" data-element_type=\"column\" data-e-type=\"column\">\n\t\t\t<div class=\"elementor-widget-wrap elementor-element-populated\">\n\t\t\t\t\t\t<section class=\"elementor-section elementor-inner-section elementor-element elementor-element-8672813 elementor-section-boxed elementor-section-height-default elementor-section-height-default\" data-id=\"8672813\" data-element_type=\"section\" data-e-type=\"section\">\n\t\t\t\t\t\t<div class=\"elementor-container elementor-column-gap-default\">\n\t\t\t\t\t<div class=\"elementor-column elementor-col-50 elementor-inner-column elementor-element elementor-element-21ad806\" data-id=\"21ad806\" data-element_type=\"column\" data-e-type=\"column\" data-settings=\"{&quot;background_background&quot;:&quot;classic&quot;}\">\n\t\t\t<div class=\"elementor-widget-wrap elementor-element-populated\">\n\t\t\t\t\t<div class=\"elementor-background-overlay\"><\/div>\n\t\t\t\t\t\t<div class=\"elementor-element elementor-element-74c0dbc elementor-widget elementor-widget-heading\" data-id=\"74c0dbc\" data-element_type=\"widget\" data-e-type=\"widget\" data-widget_type=\"heading.default\">\n\t\t\t\t<div class=\"elementor-widget-container\">\n\t\t\t\t\t<h2 class=\"elementor-heading-title elementor-size-default\">Estamos listos para conversar.<\/h2>\t\t\t\t<\/div>\n\t\t\t\t<\/div>\n\t\t\t\t<div class=\"elementor-element elementor-element-bef937d elementor-widget elementor-widget-shortcode\" data-id=\"bef937d\" data-element_type=\"widget\" data-e-type=\"widget\" data-widget_type=\"shortcode.default\">\n\t\t\t\t<div class=\"elementor-widget-container\">\n\t\t\t\t\t\t\t<div class=\"elementor-shortcode\"><div id=\"usermessage7a\" class=\"cf_info \"><\/div><form enctype=\"multipart\/form-data\" action=\"\/es\/wp-json\/wp\/v2\/pages\/1867#usermessage7a\" method=\"post\" class=\"cform order-form-es \" id=\"cforms7form\"><fieldset class=\"cf-fs1\" style=\"\"><legend>Contacte con nosotros<\/legend><ol class=\"cf-ol\"><li id=\"li-7-2\" class=\"\"><label id=\"label-7-2\" for=\"cf7_field_2\"><span>Su nombre<\/span><\/label><input type=\"text\" name=\"cf7_field_2\" id=\"cf7_field_2\" class=\"single fldrequired\" value=\"Su nombre\" onfocus=\"clearField(this)\" onblur=\"setField(this)\" title=\"\"\/><span class=\"reqtxt\">(campo obligatorio)<\/span><\/li><li id=\"li-7-3\" class=\"\"><label id=\"label-7-3\" for=\"cf7_field_3\"><span>Correo electr\u00f3nico<\/span><\/label><input type=\"text\" name=\"cf7_field_3\" id=\"cf7_field_3\" class=\"single fldemail fldrequired\" value=\"\" title=\"\"\/><span class=\"emailreqtxt\">(se requiere correo electr\u00f3nico v\u00e1lido)<\/span><\/li><li id=\"li-7-4\" class=\"\"><label id=\"label-7-4\" for=\"cf7_field_4\"><span>Mensaje<\/span><\/label><textarea cols=\"30\" rows=\"8\" name=\"cf7_field_4\" id=\"cf7_field_4\" class=\"area\" title=\"\"><\/textarea><\/li><li id=\"li-7-5\" class=\"\"><label id=\"label-7-5\" for=\"cf7_field_5\"><span>Paquete<\/span><\/label><select name=\"cf7_field_5\" id=\"cf7_field_5\" class=\"cformselect\" title=\"\"><option value=\"none\">--Seleccionar--<\/option><option value=\"essential\">Paquete Essential (1690 EUR +IVA)<\/option><option value=\"standard\">Paquete Standard (2590 EUR +IVA)<\/option><option value=\"accounting\">Paquete Accounting+ (3990 EUR +IVA)<\/option><option value=\"corporate\">Paquete Corporate (4290 EUR +IVA)<\/option><\/select><\/li><li id=\"li-7-6\" class=\"\"><label for=\"cf7_field_6\" class=\"secq\"><span>How much is 5\u22122?<\/span><\/label><input type=\"text\" name=\"cforms2_question_and_answer\" id=\"cf7_field_6\" class=\"secinput fldrequired \" title=\"\"\/><input type=\"hidden\" name=\"cforms2_question_and_answer\/hint\" value=\"2\"\/><\/li><\/ol><\/fieldset><fieldset class=\"cf_hidden\"><legend>&nbsp;<\/legend><input type=\"hidden\" name=\"cf_working7\" id=\"cf_working7\" value=\"Un momento...\"\/><input type=\"hidden\" name=\"cf_failure7\" id=\"cf_failure7\" value=\"Rellene los campos obligatorios.\"\/><input type=\"hidden\" name=\"cf_customerr7\" id=\"cf_customerr7\" value=\"y\"\/><\/fieldset><p class=\"cf-sb\"><input type=\"submit\" name=\"sendbutton7\" id=\"sendbutton7\" class=\"sendbutton\" value=\"Enviar\" \/><\/p><\/form><\/div>\n\t\t\t\t\t\t<\/div>\n\t\t\t\t<\/div>\n\t\t\t\t\t<\/div>\n\t\t<\/div>\n\t\t\t\t<div class=\"elementor-column elementor-col-50 elementor-inner-column elementor-element elementor-element-150c869\" data-id=\"150c869\" data-element_type=\"column\" data-e-type=\"column\" data-settings=\"{&quot;background_background&quot;:&quot;classic&quot;}\">\n\t\t\t<div class=\"elementor-widget-wrap elementor-element-populated\">\n\t\t\t\t\t<div class=\"elementor-background-overlay\"><\/div>\n\t\t\t\t\t\t<div class=\"elementor-element elementor-element-f73529e elementor-widget elementor-widget-heading\" data-id=\"f73529e\" data-element_type=\"widget\" data-e-type=\"widget\" data-widget_type=\"heading.default\">\n\t\t\t\t<div class=\"elementor-widget-container\">\n\t\t\t\t\t<h2 class=\"elementor-heading-title elementor-size-default\">Contacto<\/h2>\t\t\t\t<\/div>\n\t\t\t\t<\/div>\n\t\t\t\t<div class=\"elementor-element elementor-element-5246e5c elementor-widget elementor-widget-icon-box\" data-id=\"5246e5c\" data-element_type=\"widget\" data-e-type=\"widget\" data-widget_type=\"icon-box.default\">\n\t\t\t\t<div class=\"elementor-widget-container\">\n\t\t\t\t\t\t\t<div class=\"elementor-icon-box-wrapper\">\n\n\t\t\t\n\t\t\t\t\t\t<div class=\"elementor-icon-box-content\">\n\n\t\t\t\t\t\t\t\t\t<h6 class=\"elementor-icon-box-title\">\n\t\t\t\t\t\t<span  >\n\t\t\t\t\t\t\tDirecci\u00f3n\t\t\t\t\t\t<\/span>\n\t\t\t\t\t<\/h6>\n\t\t\t\t\n\t\t\t\t\t\t\t\t\t<p class=\"elementor-icon-box-description\">\n\t\t\t\t\t\tHelpers Hungary Kft <br> 1117 Budapest, Domb\u00f3v\u00e1ri \u00fat 27, Hungary\t\t\t\t\t<\/p>\n\t\t\t\t\n\t\t\t<\/div>\n\t\t\t\n\t\t<\/div>\n\t\t\t\t\t\t<\/div>\n\t\t\t\t<\/div>\n\t\t\t\t<div class=\"elementor-element elementor-element-f47ccc1 elementor-widget elementor-widget-icon-box\" data-id=\"f47ccc1\" data-element_type=\"widget\" data-e-type=\"widget\" data-widget_type=\"icon-box.default\">\n\t\t\t\t<div class=\"elementor-widget-container\">\n\t\t\t\t\t\t\t<div class=\"elementor-icon-box-wrapper\">\n\n\t\t\t\n\t\t\t\t\t\t<div class=\"elementor-icon-box-content\">\n\n\t\t\t\t\t\t\t\t\t<h6 class=\"elementor-icon-box-title\">\n\t\t\t\t\t\t<span  >\n\t\t\t\t\t\t\tEnv\u00edenos un correo electr\u00f3nico\t\t\t\t\t\t<\/span>\n\t\t\t\t\t<\/h6>\n\t\t\t\t\n\t\t\t\t\t\t\t\t\t<p class=\"elementor-icon-box-description\">\n\t\t\t\t\t\tinfo@helpers.hu\t\t\t\t\t<\/p>\n\t\t\t\t\n\t\t\t<\/div>\n\t\t\t\n\t\t<\/div>\n\t\t\t\t\t\t<\/div>\n\t\t\t\t<\/div>\n\t\t\t\t<div class=\"elementor-element elementor-element-e842658 elementor-widget elementor-widget-icon-box\" data-id=\"e842658\" data-element_type=\"widget\" data-e-type=\"widget\" data-widget_type=\"icon-box.default\">\n\t\t\t\t<div class=\"elementor-widget-container\">\n\t\t\t\t\t\t\t<div class=\"elementor-icon-box-wrapper\">\n\n\t\t\t\n\t\t\t\t\t\t<div class=\"elementor-icon-box-content\">\n\n\t\t\t\t\t\t\t\t\t<h6 class=\"elementor-icon-box-title\">\n\t\t\t\t\t\t<span  >\n\t\t\t\t\t\t\tLl\u00e1menos por tel\u00e9fono\t\t\t\t\t\t<\/span>\n\t\t\t\t\t<\/h6>\n\t\t\t\t\n\t\t\t\t\t\t\t\t\t<p class=\"elementor-icon-box-description\">\n\t\t\t\t\t\t+36 1 317 8570\t\t\t\t\t<\/p>\n\t\t\t\t\n\t\t\t<\/div>\n\t\t\t\n\t\t<\/div>\n\t\t\t\t\t\t<\/div>\n\t\t\t\t<\/div>\n\t\t\t\t<div class=\"elementor-element elementor-element-9f74309 elementor-shape-circle e-grid-align-left e-grid-align-mobile-center elementor-grid-0 elementor-widget elementor-widget-social-icons\" data-id=\"9f74309\" data-element_type=\"widget\" data-e-type=\"widget\" data-widget_type=\"social-icons.default\">\n\t\t\t\t<div class=\"elementor-widget-container\">\n\t\t\t\t\t\t\t<div class=\"elementor-social-icons-wrapper elementor-grid\" role=\"list\">\n\t\t\t\t\t\t\t<span class=\"elementor-grid-item\" role=\"listitem\">\n\t\t\t\t\t<a class=\"elementor-icon elementor-social-icon elementor-social-icon-facebook-f elementor-repeater-item-57fe014\" href=\"https:\/\/www.facebook.com\/helpershungary\/\">\n\t\t\t\t\t\t<span class=\"elementor-screen-only\">Facebook-f<\/span>\n\t\t\t\t\t\t<i aria-hidden=\"true\" class=\"fab fa-facebook-f\"><\/i>\t\t\t\t\t<\/a>\n\t\t\t\t<\/span>\n\t\t\t\t\t\t\t<span class=\"elementor-grid-item\" role=\"listitem\">\n\t\t\t\t\t<a class=\"elementor-icon elementor-social-icon elementor-social-icon-twitter elementor-repeater-item-0ec3dce\" href=\"https:\/\/twitter.com\/helpershu\">\n\t\t\t\t\t\t<span class=\"elementor-screen-only\">Twitter<\/span>\n\t\t\t\t\t\t<i aria-hidden=\"true\" class=\"fab fa-twitter\"><\/i>\t\t\t\t\t<\/a>\n\t\t\t\t<\/span>\n\t\t\t\t\t\t\t<span class=\"elementor-grid-item\" role=\"listitem\">\n\t\t\t\t\t<a class=\"elementor-icon elementor-social-icon elementor-social-icon-instagram elementor-repeater-item-bc132f5\" href=\"https:\/\/www.instagram.com\/helpershungary\/\" target=\"_blank\">\n\t\t\t\t\t\t<span class=\"elementor-screen-only\">Instagram<\/span>\n\t\t\t\t\t\t<i aria-hidden=\"true\" class=\"fab fa-instagram\"><\/i>\t\t\t\t\t<\/a>\n\t\t\t\t<\/span>\n\t\t\t\t\t<\/div>\n\t\t\t\t\t\t<\/div>\n\t\t\t\t<\/div>\n\t\t\t\t\t<\/div>\n\t\t<\/div>\n\t\t\t\t\t<\/div>\n\t\t<\/section>\n\t\t\t\t\t<\/div>\n\t\t<\/div>\n\t\t\t\t\t<\/div>\n\t\t<\/section>\n\t\t\t\t<\/div>\n\t\t","protected":false},"excerpt":{"rendered":"<p>Estamos listos para conversar. Contacto Direcci\u00f3n Helpers Hungary Kft 1117 Budapest, Domb\u00f3v\u00e1ri \u00fat 27, Hungary Env\u00edenos un correo electr\u00f3nico info@helpers.hu Ll\u00e1menos por tel\u00e9fono +36 1 317 8570 Facebook-f Twitter Instagram<\/p>\n","protected":false},"author":3,"featured_media":0,"parent":0,"menu_order":0,"comment_status":"closed","ping_status":"closed","template":"","meta":{"site-sidebar-layout":"no-sidebar","site-content-layout":"page-builder","ast-site-content-layout":"","site-content-style":"default","site-sidebar-style":"default","ast-global-header-display":"","ast-banner-title-visibility":"","ast-main-header-display":"","ast-hfb-above-header-display":"","ast-hfb-below-header-display":"","ast-hfb-mobile-header-display":"","site-post-title":"disabled","ast-breadcrumbs-content":"","ast-featured-img":"disabled","footer-sml-layout":"","theme-transparent-header-meta":"enabled","adv-header-id-meta":"","stick-header-meta":"","header-above-stick-meta":"","header-main-stick-meta":"","header-below-stick-meta":"","astra-migrate-meta-layouts":"","footnotes":""},"class_list":["post-1867","page","type-page","status-publish","hentry"],"yoast_head":"<!-- This site is optimized with the Yoast SEO plugin v27.1.1 - https:\/\/yoast.com\/product\/yoast-seo-wordpress\/ -->\n<title>Contacto - Company Formation<\/title>\n<meta name=\"description\" content=\"\u00bfQuiere crear una empresa en Hungr\u00eda? Contacte con nosotros hoy mismo y p\u00f3ngase manos a la obra con nuestro equipo. Aqu\u00ed tiene nuestros datos de contacto.\" \/>\n<meta name=\"robots\" content=\"index, follow, max-snippet:-1, max-image-preview:large, max-video-preview:-1\" \/>\n<link rel=\"canonical\" href=\"https:\/\/companyformation.hu\/contact\/\" \/>\n<meta property=\"og:locale\" content=\"es_ES\" \/>\n<meta property=\"og:type\" content=\"article\" \/>\n<meta property=\"og:title\" content=\"Contacto - Company Formation\" \/>\n<meta property=\"og:description\" content=\"\u00bfQuiere crear una empresa en Hungr\u00eda? Contacte con nosotros hoy mismo y p\u00f3ngase manos a la obra con nuestro equipo. Aqu\u00ed tiene nuestros datos de contacto.\" \/>\n<meta property=\"og:url\" content=\"https:\/\/companyformation.hu\/contact\/\" \/>\n<meta property=\"og:site_name\" content=\"Company Formation\" \/>\n<meta property=\"article:modified_time\" content=\"2025-02-20T12:37:58+00:00\" \/>\n<meta property=\"og:image\" content=\"https:\/\/companyformation.hu\/wp-content\/uploads\/2023\/09\/company-formation-hungary-ES-header-1024x582.png\" \/>\n<meta name=\"twitter:card\" content=\"summary_large_image\" \/>\n<meta name=\"twitter:label1\" content=\"Tiempo de lectura\" \/>\n\t<meta name=\"twitter:data1\" content=\"1 minuto\" \/>\n<script type=\"application\/ld+json\" class=\"yoast-schema-graph\">{\"@context\":\"https:\/\/schema.org\",\"@graph\":[{\"@type\":\"WebPage\",\"@id\":\"https:\/\/companyformation.hu\/contact\/\",\"url\":\"https:\/\/companyformation.hu\/contact\/\",\"name\":\"Contacto - Company Formation\",\"isPartOf\":{\"@id\":\"https:\/\/companyformation.hu\/#website\"},\"primaryImageOfPage\":{\"@id\":\"https:\/\/companyformation.hu\/contact\/#primaryimage\"},\"image\":{\"@id\":\"https:\/\/companyformation.hu\/contact\/#primaryimage\"},\"thumbnailUrl\":\"https:\/\/companyformation.hu\/wp-content\/uploads\/2023\/09\/company-formation-hungary-ES-header-1024x582.png\",\"datePublished\":\"2022-06-23T12:38:20+00:00\",\"dateModified\":\"2025-02-20T12:37:58+00:00\",\"description\":\"\u00bfQuiere crear una empresa en Hungr\u00eda? Contacte con nosotros hoy mismo y p\u00f3ngase manos a la obra con nuestro equipo. Aqu\u00ed tiene nuestros datos de contacto.\",\"breadcrumb\":{\"@id\":\"https:\/\/companyformation.hu\/contact\/#breadcrumb\"},\"inLanguage\":\"es\",\"potentialAction\":[{\"@type\":\"ReadAction\",\"target\":[\"https:\/\/companyformation.hu\/contact\/\"]}]},{\"@type\":\"ImageObject\",\"inLanguage\":\"es\",\"@id\":\"https:\/\/companyformation.hu\/contact\/#primaryimage\",\"url\":\"https:\/\/companyformation.hu\/wp-content\/uploads\/2023\/09\/company-formation-hungary-ES-header-1024x582.png\",\"contentUrl\":\"https:\/\/companyformation.hu\/wp-content\/uploads\/2023\/09\/company-formation-hungary-ES-header-1024x582.png\"},{\"@type\":\"BreadcrumbList\",\"@id\":\"https:\/\/companyformation.hu\/contact\/#breadcrumb\",\"itemListElement\":[{\"@type\":\"ListItem\",\"position\":1,\"name\":\"Home\",\"item\":\"https:\/\/companyformation.hu\/\"},{\"@type\":\"ListItem\",\"position\":2,\"name\":\"Contacto\"}]},{\"@type\":\"WebSite\",\"@id\":\"https:\/\/companyformation.hu\/#website\",\"url\":\"https:\/\/companyformation.hu\/\",\"name\":\"Company Formation\",\"description\":\"Company Formation in Hungary\",\"publisher\":{\"@id\":\"https:\/\/companyformation.hu\/#organization\"},\"potentialAction\":[{\"@type\":\"SearchAction\",\"target\":{\"@type\":\"EntryPoint\",\"urlTemplate\":\"https:\/\/companyformation.hu\/?s={search_term_string}\"},\"query-input\":{\"@type\":\"PropertyValueSpecification\",\"valueRequired\":true,\"valueName\":\"search_term_string\"}}],\"inLanguage\":\"es\"},{\"@type\":\"Organization\",\"@id\":\"https:\/\/companyformation.hu\/#organization\",\"name\":\"Company Formation\",\"url\":\"https:\/\/companyformation.hu\/\",\"logo\":{\"@type\":\"ImageObject\",\"inLanguage\":\"es\",\"@id\":\"https:\/\/companyformation.hu\/#\/schema\/logo\/image\/\",\"url\":\"https:\/\/companyformation.hu\/wp-content\/uploads\/2020\/03\/helperslogo_outline_white_smallframe.png\",\"contentUrl\":\"https:\/\/companyformation.hu\/wp-content\/uploads\/2020\/03\/helperslogo_outline_white_smallframe.png\",\"width\":400,\"height\":300,\"caption\":\"Company Formation\"},\"image\":{\"@id\":\"https:\/\/companyformation.hu\/#\/schema\/logo\/image\/\"}}]}<\/script>\n<!-- \/ Yoast SEO plugin. -->","yoast_head_json":{"title":"Contacto - Company Formation","description":"\u00bfQuiere crear una empresa en Hungr\u00eda? Contacte con nosotros hoy mismo y p\u00f3ngase manos a la obra con nuestro equipo. Aqu\u00ed tiene nuestros datos de contacto.","robots":{"index":"index","follow":"follow","max-snippet":"max-snippet:-1","max-image-preview":"max-image-preview:large","max-video-preview":"max-video-preview:-1"},"canonical":"https:\/\/companyformation.hu\/contact\/","og_locale":"es_ES","og_type":"article","og_title":"Contacto - Company Formation","og_description":"\u00bfQuiere crear una empresa en Hungr\u00eda? Contacte con nosotros hoy mismo y p\u00f3ngase manos a la obra con nuestro equipo. Aqu\u00ed tiene nuestros datos de contacto.","og_url":"https:\/\/companyformation.hu\/contact\/","og_site_name":"Company Formation","article_modified_time":"2025-02-20T12:37:58+00:00","og_image":[{"url":"https:\/\/companyformation.hu\/wp-content\/uploads\/2023\/09\/company-formation-hungary-ES-header-1024x582.png","type":"","width":"","height":""}],"twitter_card":"summary_large_image","twitter_misc":{"Tiempo de lectura":"1 minuto"},"schema":{"@context":"https:\/\/schema.org","@graph":[{"@type":"WebPage","@id":"https:\/\/companyformation.hu\/contact\/","url":"https:\/\/companyformation.hu\/contact\/","name":"Contacto - Company Formation","isPartOf":{"@id":"https:\/\/companyformation.hu\/#website"},"primaryImageOfPage":{"@id":"https:\/\/companyformation.hu\/contact\/#primaryimage"},"image":{"@id":"https:\/\/companyformation.hu\/contact\/#primaryimage"},"thumbnailUrl":"https:\/\/companyformation.hu\/wp-content\/uploads\/2023\/09\/company-formation-hungary-ES-header-1024x582.png","datePublished":"2022-06-23T12:38:20+00:00","dateModified":"2025-02-20T12:37:58+00:00","description":"\u00bfQuiere crear una empresa en Hungr\u00eda? Contacte con nosotros hoy mismo y p\u00f3ngase manos a la obra con nuestro equipo. Aqu\u00ed tiene nuestros datos de contacto.","breadcrumb":{"@id":"https:\/\/companyformation.hu\/contact\/#breadcrumb"},"inLanguage":"es","potentialAction":[{"@type":"ReadAction","target":["https:\/\/companyformation.hu\/contact\/"]}]},{"@type":"ImageObject","inLanguage":"es","@id":"https:\/\/companyformation.hu\/contact\/#primaryimage","url":"https:\/\/companyformation.hu\/wp-content\/uploads\/2023\/09\/company-formation-hungary-ES-header-1024x582.png","contentUrl":"https:\/\/companyformation.hu\/wp-content\/uploads\/2023\/09\/company-formation-hungary-ES-header-1024x582.png"},{"@type":"BreadcrumbList","@id":"https:\/\/companyformation.hu\/contact\/#breadcrumb","itemListElement":[{"@type":"ListItem","position":1,"name":"Home","item":"https:\/\/companyformation.hu\/"},{"@type":"ListItem","position":2,"name":"Contacto"}]},{"@type":"WebSite","@id":"https:\/\/companyformation.hu\/#website","url":"https:\/\/companyformation.hu\/","name":"Company Formation","description":"Company Formation in Hungary","publisher":{"@id":"https:\/\/companyformation.hu\/#organization"},"potentialAction":[{"@type":"SearchAction","target":{"@type":"EntryPoint","urlTemplate":"https:\/\/companyformation.hu\/?s={search_term_string}"},"query-input":{"@type":"PropertyValueSpecification","valueRequired":true,"valueName":"search_term_string"}}],"inLanguage":"es"},{"@type":"Organization","@id":"https:\/\/companyformation.hu\/#organization","name":"Company Formation","url":"https:\/\/companyformation.hu\/","logo":{"@type":"ImageObject","inLanguage":"es","@id":"https:\/\/companyformation.hu\/#\/schema\/logo\/image\/","url":"https:\/\/companyformation.hu\/wp-content\/uploads\/2020\/03\/helperslogo_outline_white_smallframe.png","contentUrl":"https:\/\/companyformation.hu\/wp-content\/uploads\/2020\/03\/helperslogo_outline_white_smallframe.png","width":400,"height":300,"caption":"Company Formation"},"image":{"@id":"https:\/\/companyformation.hu\/#\/schema\/logo\/image\/"}}]}},"_links":{"self":[{"href":"https:\/\/companyformation.hu\/es\/wp-json\/wp\/v2\/pages\/1867","targetHints":{"allow":["GET"]}}],"collection":[{"href":"https:\/\/companyformation.hu\/es\/wp-json\/wp\/v2\/pages"}],"about":[{"href":"https:\/\/companyformation.hu\/es\/wp-json\/wp\/v2\/types\/page"}],"author":[{"embeddable":true,"href":"https:\/\/companyformation.hu\/es\/wp-json\/wp\/v2\/users\/3"}],"replies":[{"embeddable":true,"href":"https:\/\/companyformation.hu\/es\/wp-json\/wp\/v2\/comments?post=1867"}],"version-history":[{"count":40,"href":"https:\/\/companyformation.hu\/es\/wp-json\/wp\/v2\/pages\/1867\/revisions"}],"predecessor-version":[{"id":5153,"href":"https:\/\/companyformation.hu\/es\/wp-json\/wp\/v2\/pages\/1867\/revisions\/5153"}],"wp:attachment":[{"href":"https:\/\/companyformation.hu\/es\/wp-json\/wp\/v2\/media?parent=1867"}],"curies":[{"name":"wp","href":"https:\/\/api.w.org\/{rel}","templated":true}]}}